{"id":76,"date":"2022-03-28T11:11:48","date_gmt":"2022-03-28T11:11:48","guid":{"rendered":"https:\/\/princemarket.jaysoft.asia\/?page_id=76"},"modified":"2024-09-27T12:23:43","modified_gmt":"2024-09-27T04:23:43","slug":"swap","status":"publish","type":"page","link":"https:\/\/1262.209.jaysoft.dev\/vi\/swap\/","title":{"rendered":"SWAP"},"content":{"rendered":"<div data-elementor-type=\"wp-page\" data-elementor-id=\"76\" class=\"elementor elementor-76\">\n\t\t\t\t\t\t\t\t\t<section class=\"elementor-section elementor-top-section elementor-element elementor-element-c707847 elementor-section-height-min-height elementor-section-boxed elementor-section-height-default elementor-section-items-middle\" data-id=\"c707847\" data-element_type=\"section\" data-settings=\"{&quot;background_background&quot;:&quot;classic&quot;,&quot;ekit_has_onepagescroll_dot&quot;:&quot;yes&quot;}\">\n\t\t\t\t\t\t<div class=\"elementor-container elementor-column-gap-default\">\n\t\t\t\t\t<div class=\"elementor-column elementor-col-50 elementor-top-column elementor-element elementor-element-cd1f5b6\" data-id=\"cd1f5b6\" data-element_type=\"column\">\n\t\t\t<div class=\"elementor-widget-wrap elementor-element-populated\">\n\t\t\t\t\t\t\t\t<div class=\"elementor-element elementor-element-de6109a elementor-widget elementor-widget-heading\" data-id=\"de6109a\" data-element_type=\"widget\" data-settings=\"{&quot;ekit_we_effect_on&quot;:&quot;none&quot;}\" data-widget_type=\"heading.default\">\n\t\t\t\t<div class=\"elementor-widget-container\">\n\t\t\t<h2 class=\"elementor-heading-title elementor-size-default\">Trao \u0111\u1ed5i <b> SWAP<\/b> ?<\/h2>\t\t<\/div>\n\t\t\t\t<\/div>\n\t\t\t\t\t<\/div>\n\t\t<\/div>\n\t\t\t\t<div class=\"elementor-column elementor-col-50 elementor-top-column elementor-element elementor-element-5f8da53\" data-id=\"5f8da53\" data-element_type=\"column\">\n\t\t\t<div class=\"elementor-widget-wrap\">\n\t\t\t\t\t\t\t\t\t<\/div>\n\t\t<\/div>\n\t\t\t\t\t\t\t<\/div>\n\t\t<\/section>\n\t\t\t\t<section class=\"elementor-section elementor-top-section elementor-element elementor-element-6a9fa6c elementor-section-boxed elementor-section-height-default elementor-section-height-default\" data-id=\"6a9fa6c\" data-element_type=\"section\" data-settings=\"{&quot;ekit_has_onepagescroll_dot&quot;:&quot;yes&quot;}\">\n\t\t\t\t\t\t<div class=\"elementor-container elementor-column-gap-default\">\n\t\t\t\t\t<div class=\"elementor-column elementor-col-100 elementor-top-column elementor-element elementor-element-78dcfb6\" data-id=\"78dcfb6\" data-element_type=\"column\">\n\t\t\t<div class=\"elementor-widget-wrap elementor-element-populated\">\n\t\t\t\t\t\t\t\t<div class=\"elementor-element elementor-element-afd2c43 elementor-widget elementor-widget-spacer\" data-id=\"afd2c43\" data-element_type=\"widget\" data-settings=\"{&quot;ekit_we_effect_on&quot;:&quot;none&quot;}\" data-widget_type=\"spacer.default\">\n\t\t\t\t<div class=\"elementor-widget-container\">\n\t\t\t\t\t<div class=\"elementor-spacer\">\n\t\t\t<div class=\"elementor-spacer-inner\"><\/div>\n\t\t<\/div>\n\t\t\t\t<\/div>\n\t\t\t\t<\/div>\n\t\t\t\t<div class=\"elementor-element elementor-element-9242664 elementor-widget elementor-widget-heading\" data-id=\"9242664\" data-element_type=\"widget\" data-settings=\"{&quot;ekit_we_effect_on&quot;:&quot;none&quot;}\" data-widget_type=\"heading.default\">\n\t\t\t\t<div class=\"elementor-widget-container\">\n\t\t\t<h2 class=\"elementor-heading-title elementor-size-default\">T\u1ef7 l\u1ec7 ho\u00e1n \u0111\u1ed5i l\u00e0 g\u00ec?<\/h2>\t\t<\/div>\n\t\t\t\t<\/div>\n\t\t\t\t<div class=\"elementor-element elementor-element-208574e elementor-widget elementor-widget-spacer\" data-id=\"208574e\" data-element_type=\"widget\" data-settings=\"{&quot;ekit_we_effect_on&quot;:&quot;none&quot;}\" data-widget_type=\"spacer.default\">\n\t\t\t\t<div class=\"elementor-widget-container\">\n\t\t\t\t\t<div class=\"elementor-spacer\">\n\t\t\t<div class=\"elementor-spacer-inner\"><\/div>\n\t\t<\/div>\n\t\t\t\t<\/div>\n\t\t\t\t<\/div>\n\t\t\t\t<div class=\"elementor-element elementor-element-4e4fc7e elementor-widget elementor-widget-text-editor\" data-id=\"4e4fc7e\" data-element_type=\"widget\" data-settings=\"{&quot;ekit_we_effect_on&quot;:&quot;none&quot;}\" data-widget_type=\"text-editor.default\">\n\t\t\t\t<div class=\"elementor-widget-container\">\n\t\t\t\t\t\t\tT\u1ed1c \u0111\u1ed9 trao \u0111\u1ed5i l\u00e0 ch\u00eanh l\u1ec7ch l\u00e3i su\u1ea5t \u0111\u01b0\u1ee3c nh\u00fang b\u1eb1ng ti\u1ec1n t\u1ec7 giao d\u1ecbch.<br> \u0110\u1ec3 \u0111\u1eb7t n\u00f3 \u0111\u01a1n gi\u1ea3n h\u01a1n, h\u00e3y xem x\u00e9t c\u00e1ch th\u1ee9c ho\u1ea1t \u0111\u1ed9ng th\u01b0\u01a1ng m\u1ea1i th\u1ecb tr\u01b0\u1eddng ti\u1ec1n t\u1ec7: B\u1ea1n vay m\u1ed9t lo\u1ea1i ti\u1ec1n \u0111\u1ec3 mua kh\u00e1c. Ch\u1eb3ng h\u1ea1n, n\u1ebfu b\u1ea1n \u0111ang mua EUR \/ USD, b\u1ea1n \u0111ang vay \u0111\u00f4 la M\u1ef9 v\u00e0 mua euro v\u1edbi s\u1ed1 ti\u1ec1n thu \u0111\u01b0\u1ee3c. Khi l\u00e0m nh\u01b0 v\u1eady, b\u1ea1n \u0111ang tr\u1ea3 ti\u1ec1n l\u00e3i cho \u0111\u00f4 la M\u1ef9, b\u1ea1n m\u01b0\u1ee3n, nh\u01b0ng ki\u1ebfm \u0111\u01b0\u1ee3c ti\u1ec1n l\u00e3i cho Euro b\u1ea1n \u0111\u00e3 mua.\t\t\t\t\t\t<\/div>\n\t\t\t\t<\/div>\n\t\t\t\t<div class=\"elementor-element elementor-element-8740361 elementor-widget elementor-widget-spacer\" data-id=\"8740361\" data-element_type=\"widget\" data-settings=\"{&quot;ekit_we_effect_on&quot;:&quot;none&quot;}\" data-widget_type=\"spacer.default\">\n\t\t\t\t<div class=\"elementor-widget-container\">\n\t\t\t\t\t<div class=\"elementor-spacer\">\n\t\t\t<div class=\"elementor-spacer-inner\"><\/div>\n\t\t<\/div>\n\t\t\t\t<\/div>\n\t\t\t\t<\/div>\n\t\t\t\t<div class=\"elementor-element elementor-element-2f41f47 elementor-widget elementor-widget-heading\" data-id=\"2f41f47\" data-element_type=\"widget\" data-settings=\"{&quot;ekit_we_effect_on&quot;:&quot;none&quot;}\" data-widget_type=\"heading.default\">\n\t\t\t\t<div class=\"elementor-widget-container\">\n\t\t\t<h2 class=\"elementor-heading-title elementor-size-default\">T\u00f4i c\u00f3 th\u1ec3 t\u00ecm t\u1ed1c \u0111\u1ed9 trao \u0111\u1ed5i c\u1ee7a m\u00ecnh \u1edf \u0111\u00e2u?<\/h2>\t\t<\/div>\n\t\t\t\t<\/div>\n\t\t\t\t<div class=\"elementor-element elementor-element-3fb355f elementor-widget elementor-widget-spacer\" data-id=\"3fb355f\" data-element_type=\"widget\" data-settings=\"{&quot;ekit_we_effect_on&quot;:&quot;none&quot;}\" data-widget_type=\"spacer.default\">\n\t\t\t\t<div class=\"elementor-widget-container\">\n\t\t\t\t\t<div class=\"elementor-spacer\">\n\t\t\t<div class=\"elementor-spacer-inner\"><\/div>\n\t\t<\/div>\n\t\t\t\t<\/div>\n\t\t\t\t<\/div>\n\t\t\t\t<div class=\"elementor-element elementor-element-827ea82 elementor-widget elementor-widget-text-editor\" data-id=\"827ea82\" data-element_type=\"widget\" data-settings=\"{&quot;ekit_we_effect_on&quot;:&quot;none&quot;}\" data-widget_type=\"text-editor.default\">\n\t\t\t\t<div class=\"elementor-widget-container\">\n\t\t\t\t\t\t\t<p>T\u1ef7 l\u1ec7 ho\u00e1n \u0111\u1ed5i c\u1ee7a ch\u00fang t\u00f4i c\u00f3 th\u1ec3 nh\u00ecn th\u1ea5y tr\u00ean t\u1ea5t c\u1ea3 c\u00e1c n\u1ec1n t\u1ea3ng c\u1ee7a ch\u00fang t\u00f4i, b\u1eb1ng c\u00e1ch th\u1ef1c hi\u1ec7n theo c\u00e1c b\u01b0\u1edbc \u0111\u01a1n gi\u1ea3n sau:<\/p>\t\t\t\t\t\t<\/div>\n\t\t\t\t<\/div>\n\t\t\t\t<div class=\"elementor-element elementor-element-86c8723 elementor-widget elementor-widget-heading\" data-id=\"86c8723\" data-element_type=\"widget\" data-settings=\"{&quot;ekit_we_effect_on&quot;:&quot;none&quot;}\" data-widget_type=\"heading.default\">\n\t\t\t\t<div class=\"elementor-widget-container\">\n\t\t\t<h2 class=\"elementor-heading-title elementor-size-default\"><b>MT5.<\/b><\/h2>\t\t<\/div>\n\t\t\t\t<\/div>\n\t\t\t\t<div class=\"elementor-element elementor-element-f081ae3 elementor-icon-list--layout-traditional elementor-list-item-link-full_width elementor-widget elementor-widget-icon-list\" data-id=\"f081ae3\" data-element_type=\"widget\" data-settings=\"{&quot;ekit_we_effect_on&quot;:&quot;none&quot;}\" data-widget_type=\"icon-list.default\">\n\t\t\t\t<div class=\"elementor-widget-container\">\n\t\t\t\t\t<ul class=\"elementor-icon-list-items\">\n\t\t\t\t\t\t\t<li class=\"elementor-icon-list-item\">\n\t\t\t\t\t\t\t\t\t\t\t<span class=\"elementor-icon-list-icon\">\n\t\t\t\t\t\t\t<svg xmlns=\"http:\/\/www.w3.org\/2000\/svg\" viewbox=\"0 0 512 512\"><path fill=\"#0b55f9\" d=\"M464 256A208 208 0 1 0 48 256a208 208 0 1 0 416 0zM0 256a256 256 0 1 1 512 0A256 256 0 1 1 0 256z\"><\/path><\/svg>\t\t\t\t\t\t<\/span>\n\t\t\t\t\t\t\t\t\t\t<span class=\"elementor-icon-list-text\">Nh\u1ea5p v\u00e0o 'Xem' d\u1ecdc theo menu tr\u00ean c\u00f9ng<\/span>\n\t\t\t\t\t\t\t\t\t<\/li>\n\t\t\t\t\t\t\t\t<li class=\"elementor-icon-list-item\">\n\t\t\t\t\t\t\t\t\t\t\t<span class=\"elementor-icon-list-icon\">\n\t\t\t\t\t\t\t<svg xmlns=\"http:\/\/www.w3.org\/2000\/svg\" viewbox=\"0 0 512 512\"><path fill=\"#0b55f9\" d=\"M464 256A208 208 0 1 0 48 256a208 208 0 1 0 416 0zM0 256a256 256 0 1 1 512 0A256 256 0 1 1 0 256z\"><\/path><\/svg>\t\t\t\t\t\t<\/span>\n\t\t\t\t\t\t\t\t\t\t<span class=\"elementor-icon-list-text\">Ch\u1ecdn 'Bi\u1ec3u t\u01b0\u1ee3ng'<\/span>\n\t\t\t\t\t\t\t\t\t<\/li>\n\t\t\t\t\t\t\t\t<li class=\"elementor-icon-list-item\">\n\t\t\t\t\t\t\t\t\t\t\t<span class=\"elementor-icon-list-icon\">\n\t\t\t\t\t\t\t<svg xmlns=\"http:\/\/www.w3.org\/2000\/svg\" viewbox=\"0 0 512 512\"><path fill=\"#0b55f9\" d=\"M464 256A208 208 0 1 0 48 256a208 208 0 1 0 416 0zM0 256a256 256 0 1 1 512 0A256 256 0 1 1 0 256z\"><\/path><\/svg>\t\t\t\t\t\t<\/span>\n\t\t\t\t\t\t\t\t\t\t<span class=\"elementor-icon-list-text\">Ch\u1ecdn c\u1eb7p ti\u1ec1n t\u1ec7 n\u00e0o b\u1ea1n mu\u1ed1n xem ho\u00e1n \u0111\u1ed5i v\u00e0 nh\u1ea5p v\u00e0o 'Thu\u1ed9c t\u00ednh'<\/span>\n\t\t\t\t\t\t\t\t\t<\/li>\n\t\t\t\t\t\t\t\t<li class=\"elementor-icon-list-item\">\n\t\t\t\t\t\t\t\t\t\t\t<span class=\"elementor-icon-list-icon\">\n\t\t\t\t\t\t\t<svg xmlns=\"http:\/\/www.w3.org\/2000\/svg\" viewbox=\"0 0 512 512\"><path fill=\"#0b55f9\" d=\"M464 256A208 208 0 1 0 48 256a208 208 0 1 0 416 0zM0 256a256 256 0 1 1 512 0A256 256 0 1 1 0 256z\"><\/path><\/svg>\t\t\t\t\t\t<\/span>\n\t\t\t\t\t\t\t\t\t\t<span class=\"elementor-icon-list-text\">B\u00e2y gi\u1edd b\u1ea1n c\u00f3 th\u1ec3 th\u1ea5y t\u1ef7 l\u1ec7 ho\u00e1n \u0111\u1ed5i d\u00e0i v\u00e0 ng\u1eafn trong c\u1eeda s\u1ed5 b\u1eadt l\u00ean<\/span>\n\t\t\t\t\t\t\t\t\t<\/li>\n\t\t\t\t\t\t<\/ul>\n\t\t\t\t<\/div>\n\t\t\t\t<\/div>\n\t\t\t\t<div class=\"elementor-element elementor-element-e6965de elementor-widget elementor-widget-spacer\" data-id=\"e6965de\" data-element_type=\"widget\" data-settings=\"{&quot;ekit_we_effect_on&quot;:&quot;none&quot;}\" data-widget_type=\"spacer.default\">\n\t\t\t\t<div class=\"elementor-widget-container\">\n\t\t\t\t\t<div class=\"elementor-spacer\">\n\t\t\t<div class=\"elementor-spacer-inner\"><\/div>\n\t\t<\/div>\n\t\t\t\t<\/div>\n\t\t\t\t<\/div>\n\t\t\t\t<div class=\"elementor-element elementor-element-c73972e elementor-widget elementor-widget-heading\" data-id=\"c73972e\" data-element_type=\"widget\" data-settings=\"{&quot;ekit_we_effect_on&quot;:&quot;none&quot;}\" data-widget_type=\"heading.default\">\n\t\t\t\t<div class=\"elementor-widget-container\">\n\t\t\t<h2 class=\"elementor-heading-title elementor-size-default\">L\u00e0m th\u1ebf n\u00e0o \u0111\u1ec3 b\u1ea1n t\u00ednh to\u00e1n t\u1ed1c \u0111\u1ed9 trao \u0111\u1ed5i?<\/h2>\t\t<\/div>\n\t\t\t\t<\/div>\n\t\t\t\t<div class=\"elementor-element elementor-element-a4cd9da elementor-widget elementor-widget-spacer\" data-id=\"a4cd9da\" data-element_type=\"widget\" data-settings=\"{&quot;ekit_we_effect_on&quot;:&quot;none&quot;}\" data-widget_type=\"spacer.default\">\n\t\t\t\t<div class=\"elementor-widget-container\">\n\t\t\t\t\t<div class=\"elementor-spacer\">\n\t\t\t<div class=\"elementor-spacer-inner\"><\/div>\n\t\t<\/div>\n\t\t\t\t<\/div>\n\t\t\t\t<\/div>\n\t\t\t\t<div class=\"elementor-element elementor-element-7ba15ac elementor-widget elementor-widget-text-editor\" data-id=\"7ba15ac\" data-element_type=\"widget\" data-settings=\"{&quot;ekit_we_effect_on&quot;:&quot;none&quot;}\" data-widget_type=\"text-editor.default\">\n\t\t\t\t<div class=\"elementor-widget-container\">\n\t\t\t\t\t\t\tTrao \u0111\u1ed5i ghi n\u1ee3 \/ t\u00edn d\u1ee5ng \u0111\u01b0\u1ee3c t\u00ednh nh\u01b0 sau: <br>L\u00e0n th\u1eddi gian d\u00e0i \/ ng\u1eafn hi\u1ec7n t\u1ea1i * S\u1ed1 l\u01b0\u1ee3ng r\u1ea5t nhi\u1ec1u = N\u1ee3 trao \u0111\u1ed5i \/ T\u00edn d\u1ee5ng b\u1eb1ng ti\u1ec1n th\u1ee9 hai\t\t\t\t\t\t<\/div>\n\t\t\t\t<\/div>\n\t\t\t\t<div class=\"elementor-element elementor-element-41fc887 elementor-widget elementor-widget-spacer\" data-id=\"41fc887\" data-element_type=\"widget\" data-settings=\"{&quot;ekit_we_effect_on&quot;:&quot;none&quot;}\" data-widget_type=\"spacer.default\">\n\t\t\t\t<div class=\"elementor-widget-container\">\n\t\t\t\t\t<div class=\"elementor-spacer\">\n\t\t\t<div class=\"elementor-spacer-inner\"><\/div>\n\t\t<\/div>\n\t\t\t\t<\/div>\n\t\t\t\t<\/div>\n\t\t\t\t<section class=\"elementor-section elementor-inner-section elementor-element elementor-element-304d827 elementor-section-boxed elementor-section-height-default elementor-section-height-default\" data-id=\"304d827\" data-element_type=\"section\" data-settings=\"{&quot;ekit_has_onepagescroll_dot&quot;:&quot;yes&quot;}\">\n\t\t\t\t\t\t<div class=\"elementor-container elementor-column-gap-default\">\n\t\t\t\t\t<div class=\"elementor-column elementor-col-50 elementor-inner-column elementor-element elementor-element-ec77a45\" data-id=\"ec77a45\" data-element_type=\"column\">\n\t\t\t<div class=\"elementor-widget-wrap elementor-element-populated\">\n\t\t\t\t\t\t\t\t<div class=\"elementor-element elementor-element-7db06dc elementor-widget elementor-widget-heading\" data-id=\"7db06dc\" data-element_type=\"widget\" data-settings=\"{&quot;ekit_we_effect_on&quot;:&quot;none&quot;}\" data-widget_type=\"heading.default\">\n\t\t\t\t<div class=\"elementor-widget-container\">\n\t\t\t<h2 class=\"elementor-heading-title elementor-size-default\"><b>V\u00ed d\u1ee5 1<\/b><\/h2>\t\t<\/div>\n\t\t\t\t<\/div>\n\t\t\t\t<div class=\"elementor-element elementor-element-30d3ba1 elementor-widget elementor-widget-text-editor\" data-id=\"30d3ba1\" data-element_type=\"widget\" data-settings=\"{&quot;ekit_we_effect_on&quot;:&quot;none&quot;}\" data-widget_type=\"text-editor.default\">\n\t\t\t\t<div class=\"elementor-widget-container\">\n\t\t\t\t\t\t\t<p>Ti\u1ec1n t\u1ec7 t\u00e0i kho\u1ea3n c\u1ee7a b\u1ea1n l\u00e0 AUD v\u00e0 b\u1ea1n gi\u1eef r\u1ea5t l\u00e2u m\u1ed9t l\u00f4 \/ USD v\u00e0o ng\u00e0y 5 th\u00e1ng 2 n\u0103m 2015: +4,96 * 1 = $ .4,96, \u0111\u01b0\u1ee3c chuy\u1ec3n \u0111\u1ed5i th\u00e0nh ti\u1ec1n t\u1ec7 t\u00e0i kho\u1ea3n c\u1ee7a b\u1ea1n = 6,35 \u0111\u00f4 la<\/p>\t\t\t\t\t\t<\/div>\n\t\t\t\t<\/div>\n\t\t\t\t\t<\/div>\n\t\t<\/div>\n\t\t\t\t<div class=\"elementor-column elementor-col-50 elementor-inner-column elementor-element elementor-element-0582c46\" data-id=\"0582c46\" data-element_type=\"column\">\n\t\t\t<div class=\"elementor-widget-wrap elementor-element-populated\">\n\t\t\t\t\t\t\t\t<div class=\"elementor-element elementor-element-d280761 elementor-widget elementor-widget-heading\" data-id=\"d280761\" data-element_type=\"widget\" data-settings=\"{&quot;ekit_we_effect_on&quot;:&quot;none&quot;}\" data-widget_type=\"heading.default\">\n\t\t\t\t<div class=\"elementor-widget-container\">\n\t\t\t<h2 class=\"elementor-heading-title elementor-size-default\"><b>V\u00ed d\u1ee5 - 2.<\/b><\/h2>\t\t<\/div>\n\t\t\t\t<\/div>\n\t\t\t\t<div class=\"elementor-element elementor-element-c803756 elementor-widget elementor-widget-text-editor\" data-id=\"c803756\" data-element_type=\"widget\" data-settings=\"{&quot;ekit_we_effect_on&quot;:&quot;none&quot;}\" data-widget_type=\"text-editor.default\">\n\t\t\t\t<div class=\"elementor-widget-container\">\n\t\t\t\t\t\t\tTi\u1ec1n t\u1ec7 t\u00e0i kho\u1ea3n l\u00e0 USD, b\u1ea1n gi\u1eef 2,5 l\u00f4 EUR \/ GBP ng\u1eafn v\u00e0o ng\u00e0y 5 th\u00e1ng 2 n\u0103m 2015: <br>-1,08 * 2.5 = - \u00a3 2,70, \u0111\u01b0\u1ee3c chuy\u1ec3n \u0111\u1ed5i th\u00e0nh USD = - $ 4,13\t\t\t\t\t\t<\/div>\n\t\t\t\t<\/div>\n\t\t\t\t\t<\/div>\n\t\t<\/div>\n\t\t\t\t\t\t\t<\/div>\n\t\t<\/section>\n\t\t\t\t<div class=\"elementor-element elementor-element-58ba139 elementor-widget elementor-widget-spacer\" data-id=\"58ba139\" data-element_type=\"widget\" data-settings=\"{&quot;ekit_we_effect_on&quot;:&quot;none&quot;}\" data-widget_type=\"spacer.default\">\n\t\t\t\t<div class=\"elementor-widget-container\">\n\t\t\t\t\t<div class=\"elementor-spacer\">\n\t\t\t<div class=\"elementor-spacer-inner\"><\/div>\n\t\t<\/div>\n\t\t\t\t<\/div>\n\t\t\t\t<\/div>\n\t\t\t\t<div class=\"elementor-element elementor-element-21fb89f elementor-widget elementor-widget-heading\" data-id=\"21fb89f\" data-element_type=\"widget\" data-settings=\"{&quot;ekit_we_effect_on&quot;:&quot;none&quot;}\" data-widget_type=\"heading.default\">\n\t\t\t\t<div class=\"elementor-widget-container\">\n\t\t\t<h2 class=\"elementor-heading-title elementor-size-default\">Khi n\u00e0o b\u1ea1n t\u00ednh t\u1ef7 l\u1ec7 ho\u00e1n \u0111\u1ed5i c\u1ee7a b\u1ea1n?<\/h2>\t\t<\/div>\n\t\t\t\t<\/div>\n\t\t\t\t<div class=\"elementor-element elementor-element-4638e33 elementor-widget elementor-widget-spacer\" data-id=\"4638e33\" data-element_type=\"widget\" data-settings=\"{&quot;ekit_we_effect_on&quot;:&quot;none&quot;}\" data-widget_type=\"spacer.default\">\n\t\t\t\t<div class=\"elementor-widget-container\">\n\t\t\t\t\t<div class=\"elementor-spacer\">\n\t\t\t<div class=\"elementor-spacer-inner\"><\/div>\n\t\t<\/div>\n\t\t\t\t<\/div>\n\t\t\t\t<\/div>\n\t\t\t\t<div class=\"elementor-element elementor-element-ff678bc elementor-widget elementor-widget-text-editor\" data-id=\"ff678bc\" data-element_type=\"widget\" data-settings=\"{&quot;ekit_we_effect_on&quot;:&quot;none&quot;}\" data-widget_type=\"text-editor.default\">\n\t\t\t\t<div class=\"elementor-widget-container\">\n\t\t\t\t\t\t\t<p>T\u1ef7 l\u1ec7 ho\u00e1n \u0111\u1ed5i c\u1ee7a ch\u00fang t\u00f4i \u0111\u01b0\u1ee3c t\u00ednh to\u00e1n m\u1ed7i ng\u00e0y t\u1ea1i 4,59pm th\u1eddi gian NEW York Time \/ 11,59pm MT4 (GMT + 2). C\u00e1c giao d\u1ecbch \u0111\u00e3 \u0111\u01b0\u1ee3c m\u1edf tr\u01b0\u1edbc 4,59pm v\u00e0 l\u1ea7n n\u00e0y m\u1edf c\u1eeda v\u00e0o th\u1eddi gian n\u00e0y s\u1ebd ph\u1ea3i tu\u00e2n theo t\u1ef7 l\u1ec7 ho\u00e1n \u0111\u1ed5i. T\u1ef7 l\u1ec7 ho\u00e1n \u0111\u1ed5i \u0111\u01b0\u1ee3c t\u0103ng g\u1ea5p ba l\u1ea7n v\u00e0o th\u1ee9 T\u01b0 l\u00fac 4,59pm \u0111\u1ec3 chi\u1ebfm cu\u1ed1i tu\u1ea7n. Xin l\u01b0u \u00fd r\u1eb1ng \u0111\u00e2y l\u00e0 c\u1ea5u tr\u00fac ti\u00eau chu\u1ea9n c\u1ee7a ho\u00e1n \u0111\u1ed5i - tuy nhi\u00ean, trong nh\u1eefng tu\u1ea7n c\u00f3 k\u1ef3 ngh\u1ec9, c\u1ea5u tr\u00fac t\u1ed1c \u0111\u1ed9 trao \u0111\u1ed5i c\u00f3 th\u1ec3 \u0111\u01b0\u1ee3c s\u1eeda \u0111\u1ed5i \u0111\u1ec3 gi\u1ea3i th\u00edch cho k\u1ef3 ngh\u1ec9.<\/p>\t\t\t\t\t\t<\/div>\n\t\t\t\t<\/div>\n\t\t\t\t<div class=\"elementor-element elementor-element-121584f elementor-widget elementor-widget-spacer\" data-id=\"121584f\" data-element_type=\"widget\" data-settings=\"{&quot;ekit_we_effect_on&quot;:&quot;none&quot;}\" data-widget_type=\"spacer.default\">\n\t\t\t\t<div class=\"elementor-widget-container\">\n\t\t\t\t\t<div class=\"elementor-spacer\">\n\t\t\t<div class=\"elementor-spacer-inner\"><\/div>\n\t\t<\/div>\n\t\t\t\t<\/div>\n\t\t\t\t<\/div>\n\t\t\t\t\t<\/div>\n\t\t<\/div>\n\t\t\t\t\t\t\t<\/div>\n\t\t<\/section>\n\t\t\t\t\t\t\t<\/div>","protected":false},"excerpt":{"rendered":"<p>WHAT IS A SWAP ? WHAT ARE SWAP RATE ? Swap rates are the interest rate differentials embedded in currency trades. To put it more simply, consider how a forex trade works: you borrow one currency to buy another. For instance, if you are buying EUR\/USD, you are borrowing US dollars and buying euros with [&hellip;]<\/p>","protected":false},"author":1,"featured_media":0,"parent":0,"menu_order":0,"comment_status":"closed","ping_status":"closed","template":"","meta":{"footnotes":""},"class_list":["post-76","page","type-page","status-publish","hentry"],"_links":{"self":[{"href":"https:\/\/1262.209.jaysoft.dev\/vi\/wp-json\/wp\/v2\/pages\/76"}],"collection":[{"href":"https:\/\/1262.209.jaysoft.dev\/vi\/wp-json\/wp\/v2\/pages"}],"about":[{"href":"https:\/\/1262.209.jaysoft.dev\/vi\/wp-json\/wp\/v2\/types\/page"}],"author":[{"embeddable":true,"href":"https:\/\/1262.209.jaysoft.dev\/vi\/wp-json\/wp\/v2\/users\/1"}],"replies":[{"embeddable":true,"href":"https:\/\/1262.209.jaysoft.dev\/vi\/wp-json\/wp\/v2\/comments?post=76"}],"version-history":[{"count":30,"href":"https:\/\/1262.209.jaysoft.dev\/vi\/wp-json\/wp\/v2\/pages\/76\/revisions"}],"predecessor-version":[{"id":2884,"href":"https:\/\/1262.209.jaysoft.dev\/vi\/wp-json\/wp\/v2\/pages\/76\/revisions\/2884"}],"wp:attachment":[{"href":"https:\/\/1262.209.jaysoft.dev\/vi\/wp-json\/wp\/v2\/media?parent=76"}],"curies":[{"name":"wp","href":"https:\/\/api.w.org\/{rel}","templated":true}]}}