{"id":72,"date":"2022-03-28T11:11:35","date_gmt":"2022-03-28T11:11:35","guid":{"rendered":"https:\/\/princemarket.jaysoft.asia\/?page_id=72"},"modified":"2022-09-22T14:47:46","modified_gmt":"2022-09-22T06:47:46","slug":"forex-markets-player","status":"publish","type":"page","link":"https:\/\/1262.209.jaysoft.dev\/vi\/forex-markets-player\/","title":{"rendered":"Th\u1ecb tr\u01b0\u1eddng t\u00e0i ch\u00ednh"},"content":{"rendered":"<h2>Ng\u00e2n h\u00e0ng trung \u01b0\u01a1ng<\/h2>\n<h3>C\u00e1c ng\u00e2n h\u00e0ng trung \u01b0\u01a1ng qu\u1ed1c gia \u0111\u00f3ng m\u1ed9t vai tr\u00f2 quan tr\u1ecdng trong c\u00e1c th\u1ecb tr\u01b0\u1eddng (th\u1ecb tr\u01b0\u1eddng ti\u1ec1n t\u1ec7). Cu\u1ed1i c\u00f9ng, c\u00e1c ng\u00e2n h\u00e0ng trung \u01b0\u01a1ng t\u00ecm c\u00e1ch ki\u1ec3m so\u00e1t vi\u1ec7c cung ti\u1ec1n v\u00e0 th\u01b0\u1eddng c\u00f3 t\u1ef7 l\u1ec7 m\u1ee5c ti\u00eau ch\u00ednh th\u1ee9c ho\u1eb7c kh\u00f4ng ch\u00ednh th\u1ee9c cho ti\u1ec1n t\u1ec7 c\u1ee7a h\u1ecd. V\u00ec nhi\u1ec1u ng\u00e2n h\u00e0ng trung \u01b0\u01a1ng c\u00f3 tr\u1eef l\u01b0\u1ee3ng th\u1ecb tr\u01b0\u1eddng ti\u1ec1n t\u1ec7 r\u1ea5t \u0111\u00e1ng k\u1ec3, s\u1ee9c m\u1ea1nh can thi\u1ec7p c\u1ee7a h\u1ecd l\u00e0 r\u1ea5t \u0111\u00e1ng k\u1ec3. Trong s\u1ed1 c\u00e1c tr\u00e1ch nhi\u1ec7m quan tr\u1ecdng nh\u1ea5t c\u1ee7a m\u1ed9t ng\u00e2n h\u00e0ng trung \u01b0\u01a1ng l\u00e0 s\u1ef1 ph\u1ee5c h\u1ed3i c\u1ee7a m\u1ed9t th\u1ecb tr\u01b0\u1eddng c\u00f3 tr\u1eadt t\u1ef1 trong nh\u1eefng th\u1eddi \u0111i\u1ec3m bi\u1ebfn \u0111\u1ed9ng t\u1ef7 gi\u00e1 qu\u00e1 m\u1ee9c v\u00e0 ki\u1ec3m so\u00e1t t\u00e1c \u0111\u1ed9ng l\u1ea1m ph\u00e1t c\u1ee7a m\u1ed9t lo\u1ea1i ti\u1ec1n t\u1ec7 y\u1ebfu. Th\u01b0\u1eddng xuy\u00ean, s\u1ef1 k\u1ef3 v\u1ecdng c\u1ee7a ng\u00e2n h\u00e0ng trung \u01b0\u01a1ng can thi\u1ec7p l\u00e0 \u0111\u1ee7 \u0111\u1ec3 \u1ed5n \u0111\u1ecbnh m\u1ed9t lo\u1ea1i ti\u1ec1n t\u1ec7, nh\u01b0ng trong tr\u01b0\u1eddng h\u1ee3p can thi\u1ec7p t\u00edch c\u1ef1c, t\u00e1c \u0111\u1ed9ng th\u1ef1c t\u1ebf \u0111\u1ed1i v\u1edbi s\u1ed1 d\u01b0 cung \/ c\u1ea7u ng\u1eafn h\u1ea1n c\u00f3 th\u1ec3 d\u1eabn \u0111\u1ebfn c\u00e1c \u0111\u1ed9ng th\u00e1i mong mu\u1ed1n theo t\u1ef7 gi\u00e1<br \/>\nN\u1ebfu m\u1ed9t ng\u00e2n h\u00e0ng trung \u01b0\u01a1ng kh\u00f4ng \u0111\u1ea1t \u0111\u01b0\u1ee3c m\u1ee5c ti\u00eau c\u1ee7a m\u00ecnh, nh\u1eefng ng\u01b0\u1eddi tham gia th\u1ecb tr\u01b0\u1eddng c\u00f3 th\u1ec3 \u0111\u1ea3m nh\u1eadn m\u1ed9t ng\u00e2n h\u00e0ng trung \u01b0\u01a1ng. C\u00e1c ngu\u1ed3n l\u1ef1c k\u1ebft h\u1ee3p c\u1ee7a nh\u1eefng ng\u01b0\u1eddi tham gia th\u1ecb tr\u01b0\u1eddng c\u00f3 th\u1ec3 d\u1ec5 d\u00e0ng \u00e1p \u0111\u1ea3o b\u1ea5t k\u1ef3 ng\u00e2n h\u00e0ng trung \u01b0\u01a1ng n\u00e0o. M\u1ed9t s\u1ed1 t\u00ecnh hu\u1ed1ng c\u1ee7a b\u1ea3n ch\u1ea5t n\u00e0y \u0111\u00e3 \u0111\u01b0\u1ee3c nh\u00ecn th\u1ea5y v\u00e0o n\u0103m 1992-93 v\u1edbi c\u01a1 ch\u1ebf t\u1ef7 gi\u00e1 h\u1ed1i \u0111o\u00e1i ch\u00e2u \u00c2u (ERM) s\u1ee5p \u0111\u1ed5 v\u00e0 1997 tr\u00ean kh\u1eafp \u0110\u00f4ng Nam \u00c1.<\/h3>\n<p>&nbsp;<\/p>\n<h2>Ng\u00e2n h\u00e0ng<\/h2>\n<h3>Th\u1ecb tr\u01b0\u1eddng li\u00ean ng\u00e2n h\u00e0ng ph\u1ee5c v\u1ee5 cho c\u1ea3 ph\u1ea7n l\u1edbn doanh thu th\u01b0\u01a1ng m\u1ea1i c\u0169ng nh\u01b0 s\u1ed1 l\u01b0\u1ee3ng l\u1edbn giao d\u1ecbch \u0111\u1ea7u c\u01a1. N\u00f3 kh\u00f4ng ph\u1ea3i l\u00e0 hi\u1ebfm \u0111\u1ed1i v\u1edbi m\u1ed9t ng\u00e2n h\u00e0ng l\u1edbn \u0111\u1ec3 giao d\u1ecbch h\u00e0ng t\u1ef7 \u0111\u00f4 la h\u00e0ng ng\u00e0y. M\u1ed9t s\u1ed1 ho\u1ea1t \u0111\u1ed9ng giao d\u1ecbch n\u00e0y \u0111\u01b0\u1ee3c th\u1ef1c hi\u1ec7n thay m\u1eb7t cho kh\u00e1ch h\u00e0ng c\u1ee7a c\u00f4ng ty, nh\u01b0ng ph\u00f2ng Kho b\u1ea1c ng\u00e2n h\u00e0ng c\u0169ng th\u1ef1c hi\u1ec7n m\u1ed9t l\u01b0\u1ee3ng l\u1edbn giao d\u1ecbch, n\u01a1i c\u00e1c \u0111\u1ea1i l\u00fd ng\u00e2n h\u00e0ng \u0111ang l\u1ea5y v\u1ecb tr\u00ed c\u1ee7a ri\u00eang h\u1ecd \u0111\u1ec3 th\u1ef1c hi\u1ec7n l\u1ee3i nhu\u1eadn ng\u00e2n h\u00e0ng.<br \/>\nTh\u1ecb tr\u01b0\u1eddng li\u00ean ng\u00e2n h\u00e0ng \u0111\u00e3 tr\u1edf n\u00ean ng\u00e0y c\u00e0ng c\u1ea1nh tranh trong v\u00e0i n\u0103m qua v\u00e0 t\u00ecnh tr\u1ea1ng c\u1ee7a c\u00e1c nh\u00e0 giao d\u1ecbch th\u1ecb tr\u01b0\u1eddng ti\u1ec1n t\u1ec7 h\u00e0ng \u0111\u1ea7u \u0111\u00e3 ph\u1ea3i ch\u1ecbu khi c\u00e1c th\u01b0\u01a1ng nh\u00e2n v\u1ed1n l\u1ea1i tr\u1edf l\u1ea1i. M\u1ed9t ph\u1ea7n l\u1edbn trong giao d\u1ecbch c\u1ee7a c\u00e1c ng\u00e2n h\u00e0ng v\u1edbi nhau \u0111ang di\u1ec5n ra tr\u00ean c\u00e1c h\u1ec7 th\u1ed1ng \u0111\u1eb7t ph\u00f2ng \u0111i\u1ec7n t\u1eed \u0111\u00e3 \u1ea3nh h\u01b0\u1edfng ti\u00eau c\u1ef1c \u0111\u1ebfn c\u00e1c nh\u00e0 m\u00f4i gi\u1edbi th\u1ecb tr\u01b0\u1eddng ti\u1ec1n t\u1ec7 truy\u1ec1n th\u1ed1ng.<\/h3>\n<p>&nbsp;<\/p>\n<h2>Nh\u00e0 m\u00f4i gi\u1edbi li\u00ean ng\u00e2n h\u00e0ng<\/h2>\n<h3>Cho \u0111\u1ebfn g\u1ea7n \u0111\u00e2y, C\u00f4ng ty th\u01b0\u01a1ng m\u1ea1i c\u00e1c nh\u00e0 m\u00f4i gi\u1edbi th\u1ecb tr\u01b0\u1eddng ti\u1ec1n t\u1ec7 \u0111ang th\u1ef1c hi\u1ec7n m\u1ed9t l\u01b0\u1ee3ng l\u1edbn kinh doanh, t\u1ea1o \u0111i\u1ec1u ki\u1ec7n thu\u1eadn l\u1ee3i cho giao d\u1ecbch li\u00ean ng\u00e2n h\u00e0ng v\u00e0 ph\u00f9 h\u1ee3p v\u1edbi c\u00e1c \u0111\u1ed1i t\u00e1c \u1ea9n danh cho c\u00e1c kho\u1ea3n ph\u00ed t\u01b0\u01a1ng \u0111\u1ed1i nh\u1ecf. V\u1edbi vi\u1ec7c s\u1eed d\u1ee5ng Internet t\u0103ng l\u00ean, r\u1ea5t nhi\u1ec1u doanh nghi\u1ec7p n\u00e0y \u0111ang chuy\u1ec3n sang c\u00e1c h\u1ec7 th\u1ed1ng \u0111i\u1ec7n t\u1eed hi\u1ec7u qu\u1ea3 h\u01a1n ho\u1ea1t \u0111\u1ed9ng nh\u01b0 m\u1ed9t m\u1ea1ch k\u00edn cho c\u00e1c ng\u00e2n h\u00e0ng. H\u1ed9p m\u00f4i gi\u1edbi truy\u1ec1n th\u1ed1ng, cho ph\u00e9p th\u01b0\u01a1ng nh\u00e2n ng\u00e2n h\u00e0ng v\u00e0 m\u00f4i gi\u1edbi nghe gi\u00e1 th\u1ecb tr\u01b0\u1eddng, v\u1eabn c\u00f2n \u0111\u01b0\u1ee3c nh\u00ecn th\u1ea5y trong h\u1ea7u h\u1ebft c\u00e1c ph\u00f2ng giao d\u1ecbch, nh\u01b0ng doanh thu nh\u1ecf h\u01a1n \u0111\u00e1ng k\u1ec3 so v\u1edbi ch\u1ec9 v\u00e0i n\u0103m tr\u01b0\u1edbc do gia t\u0103ng s\u1eed d\u1ee5ng h\u1ec7 th\u1ed1ng \u0111\u1eb7t ph\u00f2ng \u0111i\u1ec7n t\u1eed.<\/h3>\n<p>&nbsp;<\/p>\n<h2>C\u00f4ng ty th\u01b0\u01a1ng m\u1ea1i<\/h2>\n<h3>Ti\u1ebfp x\u00fac th\u01b0\u01a1ng m\u1ea1i qu\u1ed1c t\u1ebf c\u1ee7a c\u00e1c c\u00f4ng ty th\u01b0\u01a1ng m\u1ea1i l\u00e0 x\u01b0\u01a1ng s\u1ed1ng c\u1ee7a th\u1ecb tr\u01b0\u1eddng th\u1ecb tr\u01b0\u1eddng ti\u1ec1n t\u1ec7. M\u1ed9t c\u00f4ng ty \u0111a qu\u1ed1c gia \u0111\u00e3 ti\u1ebfp x\u00fac trong c\u00e1c kho\u1ea3n ph\u1ea3i thu v\u00e0 ph\u1ea3i tr\u1ea3 b\u1eb1ng ngo\u1ea1i t\u1ec7. Ch\u00fang c\u00f3 th\u1ec3 \u0111\u01b0\u1ee3c b\u1ea3o v\u1ec7 ch\u1ed1ng l\u1ea1i c\u00e1c \u0111\u1ed9ng th\u00e1i b\u1ea5t l\u1ee3i v\u1edbi th\u1ecb tr\u01b0\u1eddng ti\u1ec1n t\u1ec7. \u0110\u00f3 l\u00e0 l\u00fd do t\u1ea1i sao nh\u1eefng th\u1ecb tr\u01b0\u1eddng n\u00e0y t\u1ed3n t\u1ea1i. C\u00e1c c\u00f4ng ty th\u01b0\u01a1ng m\u1ea1i th\u01b0\u1eddng giao d\u1ecbch c\u00e1c k\u00edch c\u1ee1 kh\u00f4ng \u0111\u00e1ng k\u1ec3 \u0111\u1ed1i v\u1edbi c\u00e1c \u0111\u1ed9ng th\u00e1i th\u1ecb tr\u01b0\u1eddng ng\u1eafn h\u1ea1n, tuy nhi\u00ean, v\u00ec c\u00e1c th\u1ecb tr\u01b0\u1eddng ti\u1ec1n t\u1ec7 ch\u00ednh c\u00f3 th\u1ec3 d\u1ec5 d\u00e0ng h\u1ea5p th\u1ee5 h\u00e0ng tr\u0103m tri\u1ec7u \u0111\u00f4 la m\u00e0 kh\u00f4ng c\u00f3 b\u1ea5t k\u1ef3 t\u00e1c \u0111\u1ed9ng l\u1edbn n\u00e0o. C\u0169ng r\u00f5 r\u00e0ng l\u00e0 m\u1ed9t trong nh\u1eefng y\u1ebfu t\u1ed1 quy\u1ebft \u0111\u1ecbnh x\u00e1c \u0111\u1ecbnh h\u01b0\u1edbng d\u00e0i h\u1ea1n c\u1ee7a t\u1ef7 gi\u00e1 h\u1ed1i \u0111o\u00e1i l\u00e0 d\u00f2ng ch\u1ea3y th\u01b0\u01a1ng m\u1ea1i t\u1ed5ng th\u1ec3. M\u1ed9t s\u1ed1 c\u00f4ng ty \u0111a qu\u1ed1c gia, c\u00f3 s\u1ef1 ph\u01a1i b\u00e0y kh\u00f4ng th\u01b0\u1eddng \u0111\u01b0\u1ee3c bi\u1ebft \u0111\u1ebfn v\u1edbi ph\u1ea7n l\u1edbn th\u1ecb tr\u01b0\u1eddng, c\u00f3 th\u1ec3 c\u00f3 t\u00e1c \u0111\u1ed9ng kh\u00f4ng th\u1ec3 \u0111o\u00e1n tr\u01b0\u1edbc khi c\u00e1c v\u1ecb tr\u00ed r\u1ea5t l\u1edbn \u0111\u01b0\u1ee3c b\u1ea3o hi\u1ec3m.<\/h3>\n<p>&nbsp;<\/p>\n<h2>M\u00f4i gi\u1edbi b\u00e1n l\u1ebb<\/h2>\n<h3>S\u1ef1 xu\u1ea5t hi\u1ec7n c\u1ee7a Internet \u0111\u00e3 mang \u0111\u1ebfn cho ch\u00fang t\u00f4i m\u1ed9t lo\u1ea1t c\u00e1c nh\u00e0 m\u00f4i gi\u1edbi b\u00e1n l\u1ebb. C\u00f3 m\u1ed9t s\u1ed1 l\u01b0\u1ee3ng \u0111\u01b0\u1ee3c \u0111\u00e1nh s\u1ed1 c\u1ee7a c\u00e1c nh\u00e0 m\u00f4i gi\u1edbi phi ng\u00e2n h\u00e0ng n\u00e0y cung c\u1ea5p c\u00e1c n\u1ec1n t\u1ea3ng giao d\u1ecbch th\u1ecb tr\u01b0\u1eddng ti\u1ec1n t\u1ec7, ph\u00e2n t\u00edch v\u00e0 l\u1eddi khuy\u00ean chi\u1ebfn l\u01b0\u1ee3c cho kh\u00e1ch h\u00e0ng b\u00e1n l\u1ebb. Th\u1ef1c t\u1ebf l\u00e0 nhi\u1ec1u ng\u00e2n h\u00e0ng kh\u00f4ng th\u1ef1c hi\u1ec7n giao d\u1ecbch th\u1ecb tr\u01b0\u1eddng ti\u1ec1n t\u1ec7 cho kh\u00e1ch h\u00e0ng b\u00e1n l\u1ebb, v\u00e0 kh\u00f4ng c\u00f3 c\u00e1c ngu\u1ed3n l\u1ef1c ho\u1eb7c thi\u00ean h\u01b0\u1edbng c\u1ea7n thi\u1ebft \u0111\u1ec3 h\u1ed7 tr\u1ee3 kh\u00e1ch h\u00e0ng b\u00e1n l\u1ebb \u0111\u1ea7y \u0111\u1ee7. C\u00e1c d\u1ecbch v\u1ee5 c\u1ee7a c\u00e1c nh\u00e0 m\u00f4i gi\u1edbi th\u1ecb tr\u01b0\u1eddng ti\u1ec1n t\u1ec7 b\u00e1n l\u1ebb nh\u01b0 v\u1eady t\u01b0\u01a1ng t\u1ef1 nh\u01b0 b\u1ea3n ch\u1ea5t v\u1edbi ch\u1ee9ng kho\u00e1n v\u00e0 c\u00e1c nh\u00e0 m\u00f4i gi\u1edbi qu\u1ef9 t\u01b0\u01a1ng h\u1ed7 v\u00e0 th\u01b0\u1eddng cung c\u1ea5p m\u1ed9t c\u00e1ch ti\u1ebfp c\u1eadn \u0111\u1ecbnh h\u01b0\u1edbng d\u1ecbch v\u1ee5 cho kh\u00e1ch h\u00e0ng c\u1ee7a h\u1ecd.<\/h3>\n<p>&nbsp;<\/p>\n<h2>Qu\u1ef9 \u0111\u1ea7u t\u01b0<\/h2>\n<h3>C\u00e1c qu\u1ef9 ph\u00f2ng h\u1ed9 \u0111\u00e3 \u0111\u1ea1t \u0111\u01b0\u1ee3c uy t\u00edn v\u1ec1 \u0111\u1ea7u c\u01a1 ti\u1ec1n t\u1ec7 t\u00edch c\u1ef1c trong nh\u1eefng n\u0103m g\u1ea7n \u0111\u00e2y. Kh\u00f4ng c\u00f3 nghi ng\u1edd r\u1eb1ng v\u1edbi s\u1ed1 ti\u1ec1n ng\u00e0y c\u00e0ng t\u0103ng, m\u1ed9t s\u1ed1 ph\u01b0\u01a1ng ti\u1ec7n \u0111\u1ea7u t\u01b0 n\u00e0y c\u00f3 trong qu\u1ea3n l\u00fd, quy m\u00f4 v\u00e0 thanh kho\u1ea3n c\u1ee7a th\u1ecb tr\u01b0\u1eddng th\u1ecb tr\u01b0\u1eddng ti\u1ec1n t\u1ec7 r\u1ea5t h\u1ea5p d\u1eabn. \u0110\u00f2n b\u1ea9y c\u00f3 s\u1eb5n \u1edf c\u00e1c th\u1ecb tr\u01b0\u1eddng n\u00e0y c\u0169ng cho ph\u00e9p m\u1ed9t qu\u1ef9 nh\u01b0 v\u1eady \u0111\u1ea7u c\u01a1 v\u1edbi h\u00e0ng ch\u1ee5c t\u1ef7 c\u00f9ng m\u1ed9t l\u00fac. B\u1ea3n n\u0103ng c\u1ee7a \u0111\u00e0n r\u1ea5t r\u00f5 r\u00e0ng trong c\u00e1c gi\u1edbi h\u1ea1n qu\u1ef9 ph\u00f2ng h\u1ed9 \u0111\u00e3 \u0111\u01b0\u1ee3c nh\u00ecn th\u1ea5y v\u00e0o \u0111\u1ea7u nh\u1eefng n\u0103m 1990 v\u1edbi George Soros v\u00e0 nh\u1eefng ng\u01b0\u1eddi kh\u00e1c \u0111\u00e3 \u00e9p GBP ra kh\u1ecfi h\u1ec7 th\u1ed1ng ti\u1ec1n t\u1ec7 ch\u00e2u \u00c2u.<br \/>\nTuy nhi\u00ean, kh\u00f4ng c\u00f3 kh\u1ea3 n\u0103ng m\u00e0 c\u00e1c kho\u1ea3n \u0111\u1ea7u t\u01b0 \u0111\u00f3 s\u1ebd th\u00e0nh c\u00f4ng n\u1ebfu chi\u1ebfn l\u01b0\u1ee3c \u0111\u1ea7u t\u01b0 c\u01a1 b\u1ea3n kh\u00f4ng ph\u1ea3i l\u00e0 \u00e2m thanh. Ng\u01b0\u1eddi ta c\u0169ng l\u1eadp lu\u1eadn r\u1eb1ng c\u00e1c qu\u1ef9 ph\u00f2ng h\u1ed9 th\u1ef1c s\u1ef1 th\u1ef1c hi\u1ec7n m\u1ed9t d\u1ecbch v\u1ee5 c\u00f3 l\u1ee3i cho th\u1ecb tr\u01b0\u1eddng th\u1ecb tr\u01b0\u1eddng ti\u1ec1n t\u1ec7. H\u1ecd c\u00f3 th\u1ec3 khai th\u00e1c \u0111i\u1ec3m y\u1ebfu kinh t\u1ebf v\u00e0 \u0111\u1ec3 l\u1ed9 m\u1ed9t qu\u1ed1c gia ho\u00e0n c\u1ea3nh t\u00e0i ch\u00ednh kh\u00f4ng b\u1ec1n v\u1eefng, do \u0111\u00f3 bu\u1ed9c t\u1ed5 ch\u1ee9c l\u1ea1i \u0111\u1ebfn m\u1ee9c \u0111\u1ed9 th\u1ef1c t\u1ebf h\u01a1n.<\/h3>\n<p>&nbsp;<\/p>\n<h2>Nh\u00e0 \u0111\u1ea7u t\u01b0 v\u00e0 nh\u00e0 \u0111\u1ea7u c\u01a1<\/h2>\n<h3>Trong t\u1ea5t c\u1ea3 c\u00e1c th\u1ecb tr\u01b0\u1eddng hi\u1ec7u qu\u1ea3, ng\u01b0\u1eddi \u0111\u1ea7u c\u01a1 c\u00f3 m\u1ed9t vai tr\u00f2 quan tr\u1ecdng chi\u1ebfm l\u0129nh r\u1ee7i ro m\u00e0 m\u1ed9t ng\u01b0\u1eddi tham gia th\u01b0\u01a1ng m\u1ea1i h\u00e0ng r\u00e0o. C\u00e1c ranh gi\u1edbi c\u1ee7a \u0111\u1ea7u c\u01a1 trong th\u1ecb tr\u01b0\u1eddng th\u1ecb tr\u01b0\u1eddng ti\u1ec1n t\u1ec7 kh\u00f4ng r\u00f5 r\u00e0ng, b\u1edfi v\u00ec nhi\u1ec1u ng\u01b0\u1eddi ch\u01a1i \u0111\u00e3 \u0111\u1ec1 c\u1eadp \u1edf tr\u00ean c\u0169ng c\u00f3 l\u1ee3i \u00edch \u0111\u1ea7u c\u01a1, ngay c\u1ea3 c\u00e1c ng\u00e2n h\u00e0ng trung \u01b0\u01a1ng. Th\u1ecb tr\u01b0\u1eddng th\u1ecb tr\u01b0\u1eddng ti\u1ec1n t\u1ec7 ph\u1ed5 bi\u1ebfn v\u1edbi c\u00e1c nh\u00e0 \u0111\u1ea7u t\u01b0 do s\u1ed1 l\u01b0\u1ee3ng l\u1edbn \u0111\u00f2n b\u1ea9y c\u00f3 th\u1ec3 thu \u0111\u01b0\u1ee3c v\u00e0 thanh kho\u1ea3n m\u00e0 c\u00e1c v\u1ecb tr\u00ed c\u00f3 th\u1ec3 \u0111\u01b0\u1ee3c nh\u1eadp v\u00e0 tho\u00e1t. T\u1eadn d\u1ee5ng l\u1ee3i th\u1ebf c\u1ee7a hai lo\u1ea1i ti\u1ec1n ch\u00eanh l\u1ec7ch ti\u1ec1n t\u1ec7 l\u00e0 m\u1ed9t chi\u1ebfn l\u01b0\u1ee3c ph\u1ed5 bi\u1ebfn kh\u00e1c c\u00f3 th\u1ec3 \u0111\u01b0\u1ee3c th\u1ef1c hi\u1ec7n hi\u1ec7u qu\u1ea3 trong m\u1ed9t th\u1ecb tr\u01b0\u1eddng v\u1edbi \u0111\u00f2n b\u1ea9y cao. Ch\u00fang t\u00f4i \u0111\u00e3 th\u1ea5y t\u1ea5t c\u1ea3 gi\u00e1 c\u1ee7a chuy\u1ec3n ti\u1ebfp 30 ng\u00e0y, chuy\u1ec3n ti\u1ebfp 60 ng\u00e0y, v.v., \u0111\u00f3 l\u00e0 ch\u00eanh l\u1ec7ch l\u00e3i su\u1ea5t c\u1ee7a hai lo\u1ea1i ti\u1ec1n t\u1ec7 v\u1ec1 c\u00e1c \u0111i\u1ec1u kho\u1ea3n t\u1ef7 gi\u00e1 h\u1ed1i \u0111o\u00e1i.<\/h3>","protected":false},"excerpt":{"rendered":"<p>CENTRAL BANKS The national central banks play an important role in the (FOREX) markets. Ultimately, central banks seek to control the money supply and often have official or unofficial target rates for their currencies. As many central banks have very substantial foreign exchange reserves, their intervention power is significant. Among the most important responsibilities of [&hellip;]<\/p>","protected":false},"author":1,"featured_media":0,"parent":0,"menu_order":0,"comment_status":"closed","ping_status":"closed","template":"","meta":{"footnotes":""},"class_list":["post-72","page","type-page","status-publish","hentry"],"_links":{"self":[{"href":"https:\/\/1262.209.jaysoft.dev\/vi\/wp-json\/wp\/v2\/pages\/72"}],"collection":[{"href":"https:\/\/1262.209.jaysoft.dev\/vi\/wp-json\/wp\/v2\/pages"}],"about":[{"href":"https:\/\/1262.209.jaysoft.dev\/vi\/wp-json\/wp\/v2\/types\/page"}],"author":[{"embeddable":true,"href":"https:\/\/1262.209.jaysoft.dev\/vi\/wp-json\/wp\/v2\/users\/1"}],"replies":[{"embeddable":true,"href":"https:\/\/1262.209.jaysoft.dev\/vi\/wp-json\/wp\/v2\/comments?post=72"}],"version-history":[{"count":4,"href":"https:\/\/1262.209.jaysoft.dev\/vi\/wp-json\/wp\/v2\/pages\/72\/revisions"}],"predecessor-version":[{"id":1962,"href":"https:\/\/1262.209.jaysoft.dev\/vi\/wp-json\/wp\/v2\/pages\/72\/revisions\/1962"}],"wp:attachment":[{"href":"https:\/\/1262.209.jaysoft.dev\/vi\/wp-json\/wp\/v2\/media?parent=72"}],"curies":[{"name":"wp","href":"https:\/\/api.w.org\/{rel}","templated":true}]}}