{"id":70,"date":"2022-03-28T11:11:09","date_gmt":"2022-03-28T11:11:09","guid":{"rendered":"https:\/\/princemarket.jaysoft.asia\/?page_id=70"},"modified":"2022-05-10T18:04:06","modified_gmt":"2022-05-10T10:04:06","slug":"currency-pairs","status":"publish","type":"page","link":"https:\/\/1262.209.jaysoft.dev\/vi\/currency-pairs\/","title":{"rendered":"C\u1eb7p ti\u1ec1n t\u1ec7"},"content":{"rendered":"<h3>C\u00e1c lo\u1ea1i ti\u1ec1n t\u1ec7 lu\u00f4n \u0111\u01b0\u1ee3c giao d\u1ecbch theo c\u1eb7p. V\u00ed d\u1ee5: EUR \/ USD, c\u00f3 ngh\u0129a l\u00e0 EURO tr\u00ean \u0111\u00f4 la M\u1ef9, s\u1ebd l\u00e0 m\u1ed9t c\u1eb7p th\u00f4ng th\u01b0\u1eddng. Trong tr\u01b0\u1eddng h\u1ee3p n\u00e0y, \u0111\u1ed3ng euro, l\u00e0 ti\u1ec1n t\u1ec7 \u0111\u1ea7u ti\u00ean c\u00f3 th\u1ec3 \u0111\u01b0\u1ee3c g\u1ecdi l\u00e0 ti\u1ec1n t\u1ec7 c\u01a1 s\u1edf. Ti\u1ec1n t\u1ec7 th\u1ee9 hai, theo m\u1eb7c \u0111\u1ecbnh USD, \u0111\u01b0\u1ee3c g\u1ecdi l\u00e0 ti\u1ec1n m\u1eb7t ho\u1eb7c b\u00e1o gi\u00e1 ti\u1ec1n t\u1ec7. Nh\u01b0 \u0111\u00e3 \u0111\u1ec1 c\u1eadp, lo\u1ea1i ti\u1ec1n \u0111\u1ea7u ti\u00ean l\u00e0 c\u01a1 s\u1edf, do \u0111\u00f3, trong m\u1ed9t c\u1eb7p, b\u1ea1n c\u00f3 th\u1ec3 tham kh\u1ea3o s\u1ed1 ti\u1ec1n c\u1ee7a lo\u1ea1i ti\u1ec1n \u0111\u00f3 l\u00e0 s\u1ed1 ti\u1ec1n c\u1ea7n thi\u1ebft \u0111\u1ec3 mua m\u1ed9t \u0111\u01a1n v\u1ecb ti\u1ec1n th\u1ee9 hai.<br \/>\nV\u00ec v\u1eady, n\u1ebfu b\u1ea1n mu\u1ed1n mua c\u1eb7p ti\u1ec1n t\u1ec7, b\u1ea1n ph\u1ea3i mua \u0111\u1ed3ng euro v\u00e0 b\u00e1n \u0111\u1ed3ng th\u1eddi USD. M\u1eb7t kh\u00e1c, n\u1ebfu b\u1ea1n \u0111ang mong mu\u1ed1n b\u00e1n c\u1eb7p ti\u1ec1n t\u1ec7, b\u1ea1n ph\u1ea3i b\u00e1n \u0111\u1ed3ng euro v\u00e0 mua USD.<br \/>\n\u0110i\u1ec1u quan tr\u1ecdng nh\u1ea5t c\u1ea7n hi\u1ec3u theo m\u1ed9t c\u1eb7p ti\u1ec1n t\u1ec7, ho\u1eb7c ch\u00ednh x\u00e1c h\u01a1n trong giao d\u1ecbch th\u1ecb tr\u01b0\u1eddng ti\u1ec1n t\u1ec7, l\u00e0 b\u1ea1n s\u1ebd b\u00e1n ho\u1eb7c mua c\u00f9ng lo\u1ea1i ti\u1ec1n.<\/h3>\n<p>&nbsp;<\/p>\n<h1 style=\"text-align: center;\">Ti\u1ec1n t\u1ec7 ch\u00ednh<\/h1>\n<p>&nbsp;<\/p>\n<h4><span style=\"color: #000000;\"><strong>\u0110\u00f4 la M\u1ef9<\/strong><\/span><\/h4>\n<h3 class=\" translation-block\">\u0110\u00f4 la M\u1ef9 l\u00e0 ti\u1ec1n t\u1ec7 ch\u00ednh c\u1ee7a th\u1ebf gi\u1edbi - m\u1ed9t bi\u1ec7n ph\u00e1p ph\u1ed5 qu\u00e1t \u0111\u1ec3 \u0111\u00e1nh gi\u00e1 b\u1ea5t k\u1ef3 lo\u1ea1i ti\u1ec1n t\u1ec7 n\u00e0o kh\u00e1c \u0111\u01b0\u1ee3c giao d\u1ecbch tr\u00ean th\u1ecb tr\u01b0\u1eddng ti\u1ec1n t\u1ec7. T\u1ea5t c\u1ea3 c\u00e1c lo\u1ea1i ti\u1ec1n t\u1ec7 th\u01b0\u1eddng \u0111\u01b0\u1ee3c tr\u00edch d\u1eabn b\u1eb1ng \u0111\u1ed3ng \u0111\u00f4 la M\u1ef9. Trong \u0111i\u1ec1u ki\u1ec7n b\u1ea5t \u1ed5n v\u1ec1 kinh t\u1ebf v\u00e0 ch\u00ednh tr\u1ecb qu\u1ed1c t\u1ebf, \u0111\u1ed3ng \u0111\u00f4 la M\u1ef9 l\u00e0 lo\u1ea1i ti\u1ec1n tr\u00fa \u1ea9n an to\u00e0n ch\u00ednh, \u0111\u01b0\u1ee3c ch\u1ee9ng minh l\u00e0 \u0111\u1eb7c bi\u1ec7t t\u1ed1t trong cu\u1ed9c kh\u1ee7ng ho\u1ea3ng \u0110\u00f4ng Nam \u00c1 n\u0103m 1997-1998.\nNh\u01b0 \u0111\u00e3 ch\u1ec9 \u0111\u1ecbnh, \u0111\u1ed3ng \u0111\u00f4 la M\u1ef9 \u0111\u00e3 tr\u1edf th\u00e0nh lo\u1ea1i ti\u1ec1n t\u1ec7 h\u00e0ng \u0111\u1ea7u \u0111\u1ed1i v\u1edbi s\u1ef1 k\u1ebft th\u00fac c\u1ee7a Th\u1ebf chi\u1ebfn th\u1ee9 hai d\u1ecdc theo Bretton Woods Accord, v\u00ec c\u00e1c lo\u1ea1i ti\u1ec1n t\u1ec7 kh\u00e1c g\u1ea7n nh\u01b0 \u0111\u01b0\u1ee3c ch\u1ed1t tr\u01b0\u1edbc \u0111\u00f3. Vi\u1ec7c gi\u1edbi thi\u1ec7u \u0111\u1ed3ng euro n\u0103m 1999 \u0111\u00e3 gi\u1ea3m t\u1ea7m quan tr\u1ecdng c\u1ee7a \u0111\u1ed3ng \u0111\u00f4 la ch\u1ec9 c\u00f3 m\u1ed9t ch\u00fat. C\u00e1c lo\u1ea1i ti\u1ec1n t\u1ec7 ch\u00ednh kh\u00e1c \u0111\u01b0\u1ee3c giao d\u1ecbch so v\u1edbi \u0111\u1ed3ng \u0111\u00f4 la M\u1ef9 l\u00e0 \u0111\u1ed3ng euro, Y\u00ean Nh\u1eadt, B\u1ea3ng Anh v\u00e0 Franc Th\u1ee5y S\u0129.<\/h3>\n<h4>Euro<\/h4>\n<h3>\u0110\u1ed3ng euro \u0111\u01b0\u1ee3c thi\u1ebft k\u1ebf \u0111\u1ec3 tr\u1edf th\u00e0nh ti\u1ec1n t\u1ec7 h\u00e0ng \u0111\u1ea7u trong giao d\u1ecbch ch\u1ec9 \u0111\u01a1n gi\u1ea3n l\u00e0 \u0111\u01b0\u1ee3c tr\u00edch d\u1eabn trong c\u00e1c \u0111i\u1ec1u kho\u1ea3n c\u1ee7a M\u1ef9. Gi\u1ed1ng nh\u01b0 \u0111\u00f4 la M\u1ef9, \u0111\u1ed3ng euro c\u00f3 s\u1ef1 hi\u1ec7n di\u1ec7n qu\u1ed1c t\u1ebf m\u1ea1nh m\u1ebd xu\u1ea5t ph\u00e1t t\u1eeb c\u00e1c th\u00e0nh vi\u00ean c\u1ee7a Li\u00ean minh ti\u1ec1n t\u1ec7 ch\u00e2u \u00c2u. Ti\u1ec1n t\u1ec7 v\u1eabn b\u1ecb l\u01b0u \u00fd b\u1edfi s\u1ef1 t\u0103ng tr\u01b0\u1edfng b\u1ea5t b\u00ecnh \u0111\u1eb3ng, th\u1ea5t nghi\u1ec7p cao v\u00e0 kh\u00e1ng c\u1ef1 ch\u00ednh ph\u1ee7 \u0111\u1ed1i v\u1edbi nh\u1eefng thay \u0111\u1ed5i v\u1ec1 c\u1ea5u tr\u00fac. C\u1eb7p \u0111\u00f4i n\u00e0y c\u0169ng \u0111\u01b0\u1ee3c c\u00e2n nh\u1eafc v\u00e0o n\u0103m 1999 v\u00e0 2000 b\u1edfi c\u00e1c d\u00f2ng ch\u1ea3y t\u1eeb c\u00e1c nh\u00e0 \u0111\u1ea7u t\u01b0 n\u01b0\u1edbc ngo\u00e0i, \u0111\u1eb7c bi\u1ec7t l\u00e0 ti\u1ebfng Nh\u1eadt, ng\u01b0\u1eddi b\u1ecb bu\u1ed9c ph\u1ea3i thanh l\u00fd c\u00e1c kho\u1ea3n \u0111\u1ea7u t\u01b0 thua l\u1ed7 c\u1ee7a h\u1ecd v\u00e0o t\u00e0i s\u1ea3n b\u1eb1ng \u0111\u1ed3ng euro. H\u01a1n n\u1eefa, c\u00e1c nh\u00e0 qu\u1ea3n l\u00fd ti\u1ec1n ch\u00e2u \u00c2u \u0111\u00e3 c\u00e2n nh\u1eafc l\u1ea1i danh m\u1ee5c \u0111\u1ea7u t\u01b0 c\u1ee7a h\u1ecd v\u00e0 gi\u1ea3m ti\u1ebfp x\u00fac \u0111\u1ed3ng euro v\u00ec nhu c\u1ea7u c\u1ee7a h\u1ecd \u0111\u1ed1i v\u1edbi r\u1ee7i ro ti\u1ec1n t\u1ec7 trong ch\u00e2u \u00c2u \u0111\u00e3 gi\u1ea3m.<\/h3>\n<h4>Yen Nh\u1eadt<\/h4>\n<h3>Y\u00ean Nh\u1eadt l\u00e0 lo\u1ea1i ti\u1ec1n \u0111\u01b0\u1ee3c giao d\u1ecbch nhi\u1ec1u th\u1ee9 ba tr\u00ean th\u1ebf gi\u1edbi; N\u00f3 c\u00f3 m\u1ed9t s\u1ef1 hi\u1ec7n di\u1ec7n qu\u1ed1c t\u1ebf nh\u1ecf h\u01a1n nhi\u1ec1u so v\u1edbi \u0111\u00f4 la M\u1ef9 ho\u1eb7c \u0111\u1ed3ng euro. Y\u00ean r\u1ea5t l\u1ecfng tr\u00ean to\u00e0n th\u1ebf gi\u1edbi, th\u1ef1c t\u1ebf su\u1ed1t ng\u00e0y \u0111\u00eam. Nhu c\u1ea7u t\u1ef1 nhi\u00ean \u0111\u1ec3 bu\u00f4n b\u00e1n \u0111\u1ed3ng y\u00ean t\u1eadp trung ch\u1ee7 y\u1ebfu trong s\u1ed1 c\u00e1c c\u00f4ng ty Keiretsu Nh\u1eadt B\u1ea3n, c\u00e1c t\u1eadp \u0111o\u00e0n kinh t\u1ebf v\u00e0 t\u00e0i ch\u00ednh. Y\u00ean nh\u1ea1y c\u1ea3m h\u01a1n nhi\u1ec1u v\u1edbi v\u1eadn may c\u1ee7a Ch\u1ec9 s\u1ed1 Nikkei, th\u1ecb tr\u01b0\u1eddng ch\u1ee9ng kho\u00e1n Nh\u1eadt B\u1ea3n v\u00e0 th\u1ecb tr\u01b0\u1eddng b\u1ea5t \u0111\u1ed9ng s\u1ea3n.<\/h3>\n<h4>\u0110\u1ed3ng b\u1ea3ng anh<\/h4>\n<h3>Cho \u0111\u1ebfn cu\u1ed1i Th\u1ebf chi\u1ebfn II, b\u1ea3ng Anh l\u00e0 lo\u1ea1i ti\u1ec1n c\u1ee7a t\u00e0i li\u1ec7u tham kh\u1ea3o. Ti\u1ec1n t\u1ec7 \u0111\u01b0\u1ee3c giao d\u1ecbch m\u1ea1nh m\u1ebd so v\u1edbi \u0111\u1ed3ng euro v\u00e0 \u0111\u1ed3ng \u0111\u00f4 la M\u1ef9, nh\u01b0ng c\u00f3 s\u1ef1 hi\u1ec7n di\u1ec7n c\u1ee7a c\u00e1c lo\u1ea1i ti\u1ec1n t\u1ec7 kh\u00e1c. Tr\u01b0\u1edbc khi gi\u1edbi thi\u1ec7u \u0111\u1ed3ng euro, c\u1ea3 hai b\u1ea3ng ti\u1ec1n \u0111\u01b0\u1ee3c h\u01b0\u1edfng l\u1ee3i t\u1eeb b\u1ea5t k\u1ef3 nghi ng\u1edd n\u00e0o v\u1ec1 s\u1ef1 h\u1ed9i t\u1ee5 ti\u1ec1n t\u1ec7. Sau khi gi\u1edbi thi\u1ec7u Euro, Bank of England \u0111ang c\u1ed1 g\u1eafng mang theo m\u1ee9c gi\u00e1 U.K. g\u1ea7n h\u01a1n v\u1edbi m\u1ee9c gi\u00e1 th\u1ea5p h\u01a1n trong khu v\u1ef1c \u0111\u1ed3ng euro. B\u1ea3ng Anh c\u00f3 th\u1ec3 tham gia \u0111\u1ed3ng euro v\u00e0o \u0111\u1ea7u nh\u1eefng n\u0103m 2000, v\u1edbi \u0111i\u1ec1u ki\u1ec7n l\u00e0 cu\u1ed9c tr\u01b0ng c\u1ea7u d\u00e2n \u00fd v\u1ec1 U.K l\u00e0 t\u00edch c\u1ef1c.<\/h3>\n<h4>Franc Th\u1ee5y S\u0129<\/h4>\n<h3>Franc Th\u1ee5y S\u0129 l\u00e0 lo\u1ea1i ti\u1ec1n duy nh\u1ea5t c\u1ee7a m\u1ed9t qu\u1ed1c gia l\u1edbn ch\u00e2u \u00c2u kh\u00f4ng thu\u1ed9c Li\u00ean minh ti\u1ec1n t\u1ec7 ch\u00e2u \u00c2u c\u0169ng nh\u01b0 c\u00e1c qu\u1ed1c gia G-7. M\u1eb7c d\u00f9 n\u1ec1n kinh t\u1ebf Th\u1ee5y S\u0129 t\u01b0\u01a1ng \u0111\u1ed1i nh\u1ecf, Franc Th\u1ee5y S\u0129 l\u00e0 m\u1ed9t trong b\u1ed1n lo\u1ea1i ti\u1ec1n t\u1ec7 ch\u00ednh, g\u1ea7n gi\u1ed1ng v\u1edbi s\u1ee9c m\u1ea1nh v\u00e0 ch\u1ea5t l\u01b0\u1ee3ng c\u1ee7a n\u1ec1n kinh t\u1ebf v\u00e0 t\u00e0i ch\u00ednh Th\u1ee5y S\u0129. Th\u1ee5y S\u0129 \u0111\u00e3 c\u00f3 m\u1ed9t m\u1ed1i quan h\u1ec7 kinh t\u1ebf r\u1ea5t g\u1ea7n v\u1edbi \u0110\u1ee9c, v\u00e0 do \u0111\u00f3 \u0111\u1ebfn khu v\u1ef1c \u0111\u1ed3ng euro. Do \u0111\u00f3, v\u1ec1 m\u1eb7t kh\u00f4ng ch\u1eafc ch\u1eafn ch\u00ednh tr\u1ecb \u1edf ph\u00eda \u0111\u00f4ng, Franc Th\u1ee5y S\u0129 \u0111\u01b0\u1ee3c \u01b0a chu\u1ed9ng so v\u1edbi \u0111\u1ed3ng euro.<br \/>\nTh\u00f4ng th\u01b0\u1eddng, ng\u01b0\u1eddi ta tin r\u1eb1ng Franc Th\u1ee5y S\u0129 l\u00e0 m\u1ed9t lo\u1ea1i ti\u1ec1n t\u1ec7 \u1ed5n \u0111\u1ecbnh. Tr\u00ean th\u1ef1c t\u1ebf, t\u1eeb quan \u0111i\u1ec3m th\u1ecb tr\u01b0\u1eddng ti\u1ec1n t\u1ec7, Franc Th\u1ee5y S\u0129 g\u1ea7n gi\u1ed1ng v\u1edbi c\u00e1c m\u00f4 h\u00ecnh c\u1ee7a \u0111\u1ed3ng euro, nh\u01b0ng thi\u1ebfu thanh kho\u1ea3n c\u1ee7a n\u00f3. Khi nhu c\u1ea7u v\u1ec1 vi\u1ec7c cung c\u1ea5p v\u01b0\u1ee3t qu\u00e1, \u0111\u1ed3ng franc Th\u1ee5y S\u0129 c\u00f3 th\u1ec3 bi\u1ebfn \u0111\u1ed9ng nhi\u1ec1u h\u01a1n \u0111\u1ed3ng euro. \u0110\u00f4 la Canada v\u00e0 \u0111\u1ed3ng \u0111\u00f4 la \u00dac c\u0169ng l\u00e0 m\u1ed9t ph\u1ea7n c\u1ee7a c\u00e1c lo\u1ea1i ti\u1ec1n t\u1ec7 \u0111\u01b0\u1ee3c giao d\u1ecbch tr\u00ean th\u1ecb tr\u01b0\u1eddng th\u1ecb tr\u01b0\u1eddng ti\u1ec1n t\u1ec7 nh\u01b0ng kh\u00f4ng \u0111\u01b0\u1ee3c t\u00ednh l\u00e0 m\u1ed9t ph\u1ea7n c\u1ee7a c\u00e1c lo\u1ea1i ti\u1ec1n t\u1ec7 ch\u00ednh do kh\u1ed1i l\u01b0\u1ee3ng v\u00e0 l\u01b0u th\u00f4ng kh\u00f4ng \u0111\u1ee7. Ch\u00fang ch\u1ec9 c\u00f3 th\u1ec3 \u0111\u01b0\u1ee3c giao d\u1ecbch ch\u1ed1ng l\u1ea1i \u0111\u1ed3ng \u0111\u00f4 la M\u1ef9.<\/h3>\n<h4>\u0110\u00f4 la Canada<\/h4>\n<h3>Canada quy\u1ebft \u0111\u1ecbnh s\u1eed d\u1ee5ng \u0111\u1ed3ng \u0111\u00f4 la thay v\u00ec m\u1ed9t h\u1ec7 th\u1ed1ng sterling pound v\u00ec s\u1ef1 b\u1ea5t l\u01b0\u01a1ng c\u1ee7a \u0111\u00f4 la T\u00e2y Ban Nha \u1edf B\u1eafc M\u1ef9 v\u00e0o th\u1ebf k\u1ef7 18 v\u00e0 \u0111\u1ea7u th\u1ebf k\u1ef7 19 v\u00e0 v\u00ec ti\u00eau chu\u1ea9n h\u00f3a \u0111\u00f4 la M\u1ef9. T\u1ec9nh Canada tuy\u00ean b\u1ed1 r\u1eb1ng t\u1ea5t c\u1ea3 c\u00e1c t\u00e0i kho\u1ea3n s\u1ebd \u0111\u01b0\u1ee3c gi\u1eef b\u1eb1ng \u0111\u00f4 la k\u1ec3 t\u1eeb ng\u00e0y 1 th\u00e1ng 1 n\u0103m 1858 v\u00e0 ra l\u1ec7nh cho v\u1ea5n \u0111\u1ec1 c\u1ee7a \u0110\u00f4 la Canada ch\u00ednh th\u1ee9c \u0111\u1ea7u ti\u00ean trong c\u00f9ng m\u1ed9t n\u0103m. C\u00e1c thu\u1ed9c \u0111\u1ecba s\u1ebd \u0111\u1ebfn v\u1edbi nhau trong Li\u00ean minh Canada d\u1ea7n d\u1ea7n \u00e1p d\u1ee5ng m\u1ed9t h\u1ec7 s\u1ed1 th\u1eadp ph\u00e2n trong v\u00e0i n\u0103m t\u1edbi.<\/h3>\n<h4>\u0110\u00f4 la \u00dac<\/h4>\n<h3>\u0110\u1ed3ng \u0111\u00f4 la \u00dac \u0111\u01b0\u1ee3c gi\u1edbi thi\u1ec7u v\u00e0o ng\u00e0y 14 th\u00e1ng 2 n\u0103m 1966, kh\u00f4ng ch\u1ec9 thay th\u1ebf b\u1ea3ng Anh c\u1ee7a \u00dac m\u00e0 c\u00f2n gi\u1edbi thi\u1ec7u m\u1ed9t h\u1ec7 s\u1ed1 th\u1eadp ph\u00e2n. Sau khi gi\u1edbi thi\u1ec7u \u0111\u1ed3ng \u0111\u00f4 la \u00dac v\u00e0o n\u0103m 1966, gi\u00e1 tr\u1ecb c\u1ee7a \u0111\u1ed3ng ti\u1ec1n qu\u1ed1c gia ti\u1ebfp t\u1ee5c \u0111\u01b0\u1ee3c qu\u1ea3n l\u00fd ph\u00f9 h\u1ee3p v\u1edbi ti\u00eau chu\u1ea9n v\u00e0ng c\u1ee7a Bretton Woods k\u1ec3 t\u1eeb n\u0103m 1954. V\u1ec1 c\u01a1 b\u1ea3n gi\u00e1 tr\u1ecb c\u1ee7a \u0111\u1ed3ng \u0111\u00f4 la \u00dac \u0111\u01b0\u1ee3c qu\u1ea3n l\u00fd v\u1edbi t\u00e0i li\u1ec7u tham kh\u1ea3o v\u00e0ng, m\u1eb7c d\u00f9 Trong th\u1ef1c t\u1ebf, \u0111\u1ed3ng \u0111\u00f4 la M\u1ef9 \u0111\u00e3 \u0111\u01b0\u1ee3c s\u1eed d\u1ee5ng. N\u0103m 1983, ch\u00ednh ph\u1ee7 \u00dac \u00abtr\u00f4i n\u1ed5i\u00bb \u0110\u1ed3ng \u0111\u00f4 la \u00dac, c\u00f3 ngh\u0129a l\u00e0 n\u00f3 kh\u00f4ng c\u00f2n qu\u1ea3n l\u00fd gi\u00e1 tr\u1ecb c\u1ee7a n\u00f3 b\u1eb1ng c\u00e1ch tham chi\u1ebfu \u0111\u1ebfn \u0111\u1ed3ng \u0111\u00f4 la M\u1ef9 ho\u1eb7c b\u1ea5t k\u1ef3 ngo\u1ea1i t\u1ec7 n\u00e0o kh\u00e1c. Ng\u00e0y nay, gi\u00e1 tr\u1ecb c\u1ee7a \u0111\u1ed3ng \u0111\u00f4 la \u00dac \u0111\u01b0\u1ee3c qu\u1ea3n l\u00fd v\u1edbi c\u00e1c tham chi\u1ebfu g\u1ea7n nh\u01b0 \u0111\u1ed9c quy\u1ec1n \u0111\u1ed1i v\u1edbi c\u00e1c bi\u1ec7n ph\u00e1p trong n\u01b0\u1edbc v\u1ec1 gi\u00e1 tr\u1ecb nh\u01b0 CPI (ch\u1ec9 s\u1ed1 gi\u00e1 ti\u00eau d\u00f9ng).<\/h3>\n<p>&nbsp;<\/p>\n<p>&nbsp;<\/p>\n<p>&nbsp;<\/p>\n<p>&nbsp;<\/p>","protected":false},"excerpt":{"rendered":"<p>The currencies are always traded in pairs. For example, EUR\/USD, which means Euro over US dollars, would be a typical pair. In this case, the Euro, being the first currency can be called the base currency. The second currency, by default USD, is called the counter or quote currency. As mentioned, the first currency is [&hellip;]<\/p>","protected":false},"author":1,"featured_media":202,"parent":0,"menu_order":0,"comment_status":"closed","ping_status":"closed","template":"","meta":{"footnotes":""},"class_list":["post-70","page","type-page","status-publish","has-post-thumbnail","hentry"],"_links":{"self":[{"href":"https:\/\/1262.209.jaysoft.dev\/vi\/wp-json\/wp\/v2\/pages\/70"}],"collection":[{"href":"https:\/\/1262.209.jaysoft.dev\/vi\/wp-json\/wp\/v2\/pages"}],"about":[{"href":"https:\/\/1262.209.jaysoft.dev\/vi\/wp-json\/wp\/v2\/types\/page"}],"author":[{"embeddable":true,"href":"https:\/\/1262.209.jaysoft.dev\/vi\/wp-json\/wp\/v2\/users\/1"}],"replies":[{"embeddable":true,"href":"https:\/\/1262.209.jaysoft.dev\/vi\/wp-json\/wp\/v2\/comments?post=70"}],"version-history":[{"count":7,"href":"https:\/\/1262.209.jaysoft.dev\/vi\/wp-json\/wp\/v2\/pages\/70\/revisions"}],"predecessor-version":[{"id":1024,"href":"https:\/\/1262.209.jaysoft.dev\/vi\/wp-json\/wp\/v2\/pages\/70\/revisions\/1024"}],"wp:featuredmedia":[{"embeddable":true,"href":"https:\/\/1262.209.jaysoft.dev\/vi\/wp-json\/wp\/v2\/media\/202"}],"wp:attachment":[{"href":"https:\/\/1262.209.jaysoft.dev\/vi\/wp-json\/wp\/v2\/media?parent=70"}],"curies":[{"name":"wp","href":"https:\/\/api.w.org\/{rel}","templated":true}]}}