{"id":68,"date":"2022-03-28T11:10:53","date_gmt":"2022-03-28T11:10:53","guid":{"rendered":"https:\/\/princemarket.jaysoft.asia\/?page_id=68"},"modified":"2022-09-22T14:45:56","modified_gmt":"2022-09-22T06:45:56","slug":"benefits-of-forex","status":"publish","type":"page","link":"https:\/\/1262.209.jaysoft.dev\/vi\/benefits-of-forex\/","title":{"rendered":"<b class=\"hl-text\">EXPLANATION<\/b> OF TRADING"},"content":{"rendered":"<h2>L\u1ee3i \u00edch c\u1ee7a \u0111\u1ea7u t\u01b0 tr\u1ef1c tuy\u1ebfn<\/h2>\n<h3>Giao d\u1ecbch tr\u1ef1c tuy\u1ebfn \u0111\u00e3 g\u00e2y ra s\u1ef1 thay \u0111\u1ed5i m\u00f4 h\u00ecnh l\u1edbn trong \u0111\u1ea7u t\u01b0. V\u00e0o \u0111\u1ea7u thi\u00ean ni\u00ean k\u1ef7, c\u00f3 h\u01a1n 6 tri\u1ec7u t\u00e0i kho\u1ea3n \u0111\u1ea7u t\u01b0 tr\u1ef1c tuy\u1ebfn, t\u0103ng t\u1eeb 1,5 tri\u1ec7u v\u00e0o n\u0103m 1997. Do \u0111\u00f3, c\u00e1c c\u00f4ng ty kh\u1edfi nghi\u1ec7p hi\u1ec7n \u0111ang c\u1ea1nh tranh tr\u1ef1c ti\u1ebfp v\u1edbi c\u00e1c t\u1ed5 ch\u1ee9c t\u00e0i ch\u00ednh \u0111\u1ec3 ph\u1ee5c v\u1ee5 c\u00e1c nh\u00e0 \u0111\u1ea7u t\u01b0 trong n\u1ec1n kinh t\u1ebf m\u1edbi, v\u00e0 ng\u01b0\u1eddi chi\u1ebfn th\u1eafng r\u00f5 r\u00e0ng l\u00e0 kh\u00e1ch h\u00e0ng. S\u1ef1 c\u1ea1nh tranh gi\u1eefa c\u00e1c t\u1ed5 ch\u1ee9c g\u1ea1ch v\u00e0 v\u1eefa v\u00e0 c\u00e1c c\u00f4ng ty tr\u00ean Internet \u0111\u00e3 gi\u1ea3m \u0111\u00e1ng k\u1ec3 chi ph\u00ed \u0111\u1ea7u t\u01b0, v\u00e0 trao quy\u1ec1n cho nh\u00e0 \u0111\u1ea7u t\u01b0 c\u00e1 nh\u00e2n \u0111\u1ec3 ki\u1ec3m so\u00e1t chi\u1ebfn l\u01b0\u1ee3c \u0111\u1ea7u t\u01b0 c\u1ee7a ch\u00ednh h\u1ecd.\n\nGiao d\u1ecbch tr\u1ef1c tuy\u1ebfn s\u1ebd c\u00e1ch m\u1ea1ng h\u00f3a c\u00e1c th\u1ecb tr\u01b0\u1eddng ti\u1ec1n t\u1ec7 b\u1eb1ng c\u00e1ch l\u00e0m cho n\u00f3 c\u00f3 th\u1ec3 truy c\u1eadp \u0111\u01b0\u1ee3c cho nh\u00e0 \u0111\u1ea7u t\u01b0 v\u1eeba v\u00e0 nh\u1ecf. L\u1ea7n \u0111\u1ea7u ti\u00ean, c\u00e1c nh\u00e0 \u0111\u1ea7u t\u01b0 n\u00e0y c\u00f3 kh\u1ea3 n\u0103ng th\u1ef1c hi\u1ec7n c\u00e1c giao d\u1ecbch t\u1eeb 100.000 \u0111\u1ebfn 10.000.000 \u0111\u00f4 la v\u1edbi c\u00f9ng m\u1ee9c gi\u00e1 m\u00e0 th\u1ecb tr\u01b0\u1eddng li\u00ean ng\u00e2n h\u00e0ng cung c\u1ea5p cho c\u00e1c \u01b0u \u0111\u00e3i t\u1ed1t h\u01a1n 10.000.000 \u0111\u00f4 la. \u0110i\u1ec1u n\u00e0y mang l\u1ea1i l\u1ee3i \u00edch cho c\u1ea3 nh\u1eefng ng\u01b0\u1eddi mu\u1ed1n suy \u0111o\u00e1n v\u1ec1 h\u01b0\u1edbng c\u1ee7a th\u1ecb tr\u01b0\u1eddng ti\u1ec1n t\u1ec7 \u0111\u1ec3 ki\u1ebfm l\u1ee3i nhu\u1eadn, c\u0169ng nh\u01b0 ng\u01b0\u1eddi qu\u1ea3n l\u00fd ti\u1ec1n ho\u1eb7c th\u1ee7 qu\u1ef9 doanh nghi\u1ec7p mu\u1ed1n ph\u00f2ng tho\u00e1t kh\u1ecfi s\u1ef1 ti\u1ebfp x\u00fac kh\u00f4ng mong mu\u1ed1n v\u1edbi bi\u1ebfn \u0111\u1ed9ng gi\u00e1 trong t\u01b0\u01a1ng lai trong th\u1ecb tr\u01b0\u1eddng ti\u1ec1n t\u1ec7.<\/h3>\n<h2>L\u1ee3i \u00edch c\u1ee7a giao d\u1ecbch FX tr\u00ean Internet<\/h2>\n<h3>Giao d\u1ecbch tr\u1ef1c ti\u1ebfp t\u1eeb b\u00e1o gi\u00e1 tr\u1ef1c ti\u1ebfp<br \/>\nTh\u1ef1c thi th\u01b0\u01a1ng m\u1ea1i t\u1ee9c th\u1eddi v\u00e0 x\u00e1c nh\u1eadn<br \/>\nTh\u1ef1c thi nhanh v\u00e0 hi\u1ec7u qu\u1ea3 c\u1ee7a c\u00e1c giao d\u1ecbch<br \/>\nChi ph\u00ed giao d\u1ecbch th\u1ea5p h\u01a1n<br \/>\nPh\u00e2n t\u00edch l\u00e3i v\u00e0 l\u1ed7 th\u1eddi gian th\u1ef1c<br \/>\nTruy c\u1eadp \u0111\u1ea7y \u0111\u1ee7 v\u00e0o th\u00f4ng tin th\u1ecb tr\u01b0\u1eddng<\/h3>\n<h2>Giao d\u1ecbch tr\u1ef1c ti\u1ebfp t\u1eeb b\u00e1o gi\u00e1 tr\u1ef1c ti\u1ebfp<\/h2>\n<h3>R\u1ea5t \u00edt nh\u00e0 m\u00f4i gi\u1edbi tr\u1ef1c tuy\u1ebfn c\u00f3 th\u1ec3 cung c\u1ea5p cho kh\u00e1ch h\u00e0ng c\u1ee7a h\u1ecd gi\u00e1 th\u1ea7u \/ y\u00eau c\u1ea7u th\u1eddi gian th\u1ef1c, t\u1ea1o \u0111i\u1ec1u ki\u1ec7n th\u1ef1c hi\u1ec7n th\u1ecfa thu\u1eadn t\u1ee9c th\u1eddi - kh\u00f4ng c\u00f3 c\u01a1 h\u1ed9i th\u1ecb tr\u01b0\u1eddng b\u1ecb b\u1ecf l\u1ee1. Gi\u00e1 th\u1eddi gian th\u1ef1c c\u0169ng cho ph\u00e9p c\u00e1c nh\u00e0 \u0111\u1ea7u t\u01b0 so s\u00e1nh giao d\u1ecbch x\u1eed l\u00fd c\u1ee7a nh\u00e0 m\u00f4i gi\u1edbi tr\u1ef1c tuy\u1ebfn v\u1edbi c\u00e1c d\u1ecbch v\u1ee5 gi\u00e1 kh\u00e1c, \u0111\u1ec3 \u0111\u1ea3m b\u1ea3o h\u1ecd \u0111ang nh\u1eadn \u0111\u01b0\u1ee3c gi\u00e1 t\u1ed1t nh\u1ea5t c\u00f3 th\u1ec3 tr\u00ean t\u1ea5t c\u1ea3 c\u00e1c giao d\u1ecbch th\u1ecb tr\u01b0\u1eddng ti\u1ec1n t\u1ec7 c\u1ee7a h\u1ecd.<\/h3>\n<h3>Nhi\u1ec1u nh\u00e0 m\u00f4i gi\u1edbi th\u1ecb tr\u01b0\u1eddng ti\u1ec1n t\u1ec7 tr\u1ef1c tuy\u1ebfn y\u00eau c\u1ea7u kh\u00e1ch h\u00e0ng c\u1ee7a h\u1ecd y\u00eau c\u1ea7u m\u1ed9t m\u1ee9c gi\u00e1 tr\u01b0\u1edbc khi giao d\u1ecbch. \u0110i\u1ec1u n\u00e0y l\u00e0 b\u1ea5t l\u1ee3i cho m\u1ed9t s\u1ed1 l\u00fd do, ch\u1ee7 y\u1ebfu l\u00e0 do n\u00f3 k\u00e9o d\u00e0i \u0111\u00e1ng k\u1ec3 qu\u00e1 tr\u00ecnh th\u1ef1c thi t\u1eeb ch\u1ec9 v\u00e0i gi\u00e2y \u0111\u1ec3 c\u00f3 th\u1ec3 mi\u1ec5n l\u00e0 m\u1ed9t ph\u00fat. Trong m\u1ed9t th\u1ecb tr\u01b0\u1eddng nh\u1ecbp \u0111\u1ed9 nhanh, \u0111i\u1ec1u n\u00e0y c\u00f3 th\u1ec3 t\u1ea1o ra s\u1ef1 kh\u00e1c bi\u1ec7t \u0111\u00e1ng k\u1ec3 trong ti\u1ec1m n\u0103ng l\u1ee3i nhu\u1eadn c\u1ee7a nh\u00e0 \u0111\u1ea7u t\u01b0. Ngo\u00e0i ra, m\u1ed9t s\u1ed1 nh\u00e0 m\u00f4i gi\u1edbi v\u00f4 \u0111\u1ea1o \u0111\u1ee9c h\u01a1n c\u00f3 th\u1ec3 s\u1eed d\u1ee5ng c\u01a1 h\u1ed9i \u0111\u1ec3 xem x\u00e9t v\u1ecb tr\u00ed hi\u1ec7n t\u1ea1i c\u1ee7a m\u1ed9t nh\u00e0 \u0111\u1ea7u t\u01b0. Khi h\u1ecd \u0111\u00e3 x\u00e1c \u0111\u1ecbnh li\u1ec7u nh\u00e0 \u0111\u1ea7u t\u01b0 l\u00e0 ng\u01b0\u1eddi mua hay ng\u01b0\u1eddi b\u00e1n, h\u1ecd 'che b\u00f3ng' gi\u00e1 s\u1ebd t\u0103ng l\u1ee3i nhu\u1eadn c\u1ee7a ch\u00ednh h\u1ecd v\u00e0o giao d\u1ecbch.<\/h3>\n<h2>Th\u1ef1c thi th\u01b0\u01a1ng m\u1ea1i t\u1ee9c th\u1eddi v\u00e0 x\u00e1c nh\u1eadn<\/h2>\n<h3>Th\u1eddi gian l\u00e0 t\u1ea5t c\u1ea3 trong th\u1ecb tr\u01b0\u1eddng th\u1ecb tr\u01b0\u1eddng ti\u1ec1n t\u1ec7 c\u00f3 nh\u1ecbp \u0111\u1ed9 nhanh. Giao d\u1ecbch tr\u1ef1c tuy\u1ebfn \u0111\u01b0\u1ee3c th\u1ef1c thi v\u00e0 x\u00e1c nh\u1eadn trong v\u00f2ng v\u00e0i gi\u00e2y, \u0111\u1ea3m b\u1ea3o r\u1eb1ng c\u00e1c nh\u00e0 giao d\u1ecbch kh\u00f4ng b\u1ecf l\u1ee1 c\u01a1 h\u1ed9i th\u1ecb tr\u01b0\u1eddng. Ngay c\u1ea3 th\u1eddi gian th\u00eam gia t\u0103ng \u0111\u1ec3 ho\u00e0n th\u00e0nh m\u1ed9t giao d\u1ecbch qua \u0111i\u1ec7n tho\u1ea1i c\u00f3 th\u1ec3 c\u00f3 ngh\u0129a l\u00e0 m\u1ed9t s\u1ef1 kh\u00e1c bi\u1ec7t l\u1edbn v\u1ec1 ti\u1ec1m n\u0103ng l\u1ee3i nhu\u1eadn.<\/h3>\n<h2>Chi ph\u00ed giao d\u1ecbch th\u1ea5p h\u01a1n<\/h2>\n<h3>\u0110\u01a1n gi\u1ea3n, th\u1ef1c hi\u1ec7n c\u00e1c giao d\u1ecbch \u0111i\u1ec7n t\u1eed l\u00e0m gi\u1ea3m n\u1ed7 l\u1ef1c th\u1ee7 c\u00f4ng, do \u0111\u00f3 gi\u1ea3m chi ph\u00ed kinh doanh. C\u00e1c nh\u00e0 m\u00f4i gi\u1edbi tr\u1ef1c tuy\u1ebfn sau \u0111\u00f3 c\u00f3 th\u1ec3 v\u01b0\u1ee3t qua nh\u1eefng kho\u1ea3n ti\u1ebft ki\u1ec7m cho c\u0103n c\u1ee9 kh\u00e1ch h\u00e0ng c\u1ee7a h\u1ecd.<\/h3>\n<h2>Ph\u00e2n t\u00edch l\u00e3i v\u00e0 l\u1ed7 th\u1eddi gian th\u1ef1c<\/h2>\n<h3>B\u1ea3n ch\u1ea5t nhanh ch\u00f3ng c\u1ee7a th\u1ecb tr\u01b0\u1eddng th\u1ecb tr\u01b0\u1eddng ti\u1ec1n t\u1ec7 b\u1eaft bu\u1ed9c c\u00e1c th\u01b0\u01a1ng nh\u00e2n th\u1ef1c hi\u1ec7n nhi\u1ec1u giao d\u1ecbch m\u1ed7i ng\u00e0y. \u0110i\u1ec1u quan tr\u1ecdng \u0111\u1ed1i v\u1edbi m\u1ed7i kh\u00e1ch h\u00e0ng c\u00f3 th\u00f4ng tin th\u1eddi gian th\u1ef1c v\u1ec1 v\u1ecb tr\u00ed hi\u1ec7n t\u1ea1i c\u1ee7a h\u1ecd \u0111\u1ec3 \u0111\u01b0a ra quy\u1ebft \u0111\u1ecbnh giao d\u1ecbch \u0111\u01b0\u1ee3c th\u00f4ng tin t\u1ed1t.<\/h3>\n<h2>Truy c\u1eadp \u0111\u1ea7y \u0111\u1ee7 v\u00e0o th\u00f4ng tin th\u1ecb tr\u01b0\u1eddng<\/h2>\n<h3>Truy c\u1eadp th\u00f4ng tin k\u1ecbp th\u1eddi v\u00e0 c\u00f3 li\u00ean quan l\u00e0 r\u1ea5t quan tr\u1ecdng. C\u00e1c th\u01b0\u01a1ng nh\u00e2n chuy\u00ean nghi\u1ec7p tr\u1ea3 h\u00e0ng ng\u00e0n \u0111\u00f4 la m\u1ed7i th\u00e1ng \u0111\u1ec3 truy c\u1eadp v\u00e0o c\u00e1c nh\u00e0 cung c\u1ea5p th\u00f4ng tin l\u1edbn. Tuy nhi\u00ean, b\u1ea3n ch\u1ea5t c\u1ee7a Internet d\u00e0nh cho ng\u01b0\u1eddi d\u00f9ng quy\u1ec1n truy c\u1eadp mi\u1ec5n ph\u00ed v\u00e0o th\u00f4ng tin th\u1ecb tr\u01b0\u1eddng \u0111\u00e1ng tin c\u1eady t\u1eeb nhi\u1ec1u ngu\u1ed3n kh\u00e1c nhau, bao g\u1ed3m b\u00e1o gi\u00e1 th\u1eddi gian th\u1ef1c, tin t\u1ee9c qu\u1ed1c t\u1ebf, c\u00e1c ch\u1ec9 s\u1ed1 kinh t\u1ebf v\u00e0 b\u00e1o c\u00e1o do ch\u00ednh ph\u1ee7 c\u1ea5p, c\u0169ng nh\u01b0 th\u00f4ng tin ch\u1ee7 quan nh\u01b0 b\u00ecnh lu\u1eadn v\u00e0 ph\u00e2n t\u00edch chuy\u00ean gia, Di\u1ec5n \u0111\u00e0n tr\u00f2 chuy\u1ec7n th\u01b0\u01a1ng nh\u00e2n, vv<\/h3>\n<h2>L\u1ee3i \u00edch c\u1ee7a giao d\u1ecbch th\u1ecb tr\u01b0\u1eddng ti\u1ec1n t\u1ec7 so v\u1edbi giao d\u1ecbch v\u1ed1n ch\u1ee7 s\u1edf h\u1eefu<\/h2>\n<h3>Giao d\u1ecbch 24 gi\u1edd<br \/>\nThanh kho\u1ea3n<br \/>\n50: 1 \u0110\u00f2n b\u1ea9y l\u00ean \u0111\u00f2n b\u1ea9y 400: 1<br \/>\nChi ph\u00ed giao d\u1ecbch th\u1ea5p h\u01a1n<br \/>\nTruy c\u1eadp b\u1eb1ng nhau \u0111\u1ec3 th\u00f4ng tin th\u1ecb tr\u01b0\u1eddng<br \/>\nTi\u1ec1m n\u0103ng l\u1ee3i nhu\u1eadn trong c\u1ea3 th\u1ecb tr\u01b0\u1eddng t\u0103ng v\u00e0 gi\u1ea3m<\/h3>\n<h2>Giao d\u1ecbch 24 gi\u1edd<\/h2>\n<h3>\u01afu \u0111i\u1ec3m ch\u00ednh c\u1ee7a th\u1ecb tr\u01b0\u1eddng th\u1ecb tr\u01b0\u1eddng ti\u1ec1n t\u1ec7 so v\u1edbi th\u1ecb tr\u01b0\u1eddng ch\u1ee9ng kho\u00e1n v\u00e0 c\u00e1c c\u00f4ng c\u1ee5 trao \u0111\u1ed5i kh\u00e1c l\u00e0 th\u1ecb tr\u01b0\u1eddng th\u1ecb tr\u01b0\u1eddng ti\u1ec1n t\u1ec7 l\u00e0 m\u1ed9t th\u1ecb tr\u01b0\u1eddng 24 gi\u1edd th\u1ef1c s\u1ef1. Cho d\u00f9 \u0111\u00f3 l\u00e0 6 gi\u1edd t\u1ed1i ho\u1eb7c 6 gi\u1edd s\u00e1ng, \u1edf \u0111\u00e2u \u0111\u00f3 tr\u00ean th\u1ebf gi\u1edbi lu\u00f4n c\u00f3 nh\u1eefng ng\u01b0\u1eddi mua v\u00e0 ng\u01b0\u1eddi b\u00e1n t\u00edch c\u1ef1c giao d\u1ecbch th\u1ecb tr\u01b0\u1eddng ti\u1ec1n t\u1ec7 \u0111\u1ec3 c\u00e1c nh\u00e0 \u0111\u1ea7u t\u01b0 c\u00f3 th\u1ec3 \u0111\u00e1p \u1ee9ng v\u1edbi vi\u1ec7c ph\u00e1 v\u1ee1 tin t\u1ee9c ngay l\u1eadp t\u1ee9c. Trong c\u00e1c th\u1ecb tr\u01b0\u1eddng ti\u1ec1n t\u1ec7, danh m\u1ee5c \u0111\u1ea7u t\u01b0 c\u1ee7a b\u1ea1n s\u1ebd kh\u00f4ng b\u1ecb \u1ea3nh h\u01b0\u1edfng b\u1edfi sau gi\u1edd l\u00e0m b\u00e1o c\u00e1o ho\u1eb7c c\u00e1c cu\u1ed9c g\u1ecdi h\u1ed9i ngh\u1ecb ph\u00e2n t\u00edch.\n\nG\u1ea7n \u0111\u00e2y, sau gi\u1edd giao d\u1ecbch \u0111\u00e3 c\u00f3 s\u1eb5n cho c\u00e1c c\u1ed5 phi\u1ebfu Hoa K\u1ef3 - v\u1edbi m\u1ed9t s\u1ed1 h\u1ea1n ch\u1ebf. Nh\u1eefng ECN (m\u1ea1ng truy\u1ec1n th\u00f4ng \u0111i\u1ec7n t\u1eed n\u00e0y) t\u1ed3n t\u1ea1i \u0111\u1ec3 t\u1eadp h\u1ee3p ng\u01b0\u1eddi mua v\u00e0 ng\u01b0\u1eddi b\u00e1n h\u00e0ng khi c\u00f3 th\u1ec3. Tuy nhi\u00ean, kh\u00f4ng c\u00f3 g\u00ec \u0111\u1ea3m b\u1ea3o r\u1eb1ng m\u1ecdi giao d\u1ecbch s\u1ebd \u0111\u01b0\u1ee3c th\u1ef1c hi\u1ec7n, c\u0169ng kh\u00f4ng ph\u1ea3i t\u1ea1i m\u1ed9t m\u1ee9c gi\u00e1 th\u1ecb tr\u01b0\u1eddng c\u00f4ng b\u1eb1ng. Kh\u00e1 th\u01b0\u1eddng xuy\u00ean, c\u00e1c nh\u00e0 giao d\u1ecbch ch\u1ee9ng kho\u00e1n ph\u1ea3i \u0111\u1ee3i cho \u0111\u1ebfn khi th\u1ecb tr\u01b0\u1eddng m\u1edf c\u1eeda v\u00e0o ng\u00e0y h\u00f4m sau \u0111\u1ec3 nh\u1eadn \u0111\u01b0\u1ee3c s\u1ef1 l\u00e2y lan ch\u1eb7t ch\u1ebd h\u01a1n.<\/h3>\n<h2>Thanh kho\u1ea3n<\/h2>\n<h3>V\u1edbi kh\u1ed1i l\u01b0\u1ee3ng giao d\u1ecbch h\u00e0ng ng\u00e0y l\u1edbn h\u01a1n 50 l\u1ea7n so v\u1edbi th\u1ecb tr\u01b0\u1eddng ch\u1ee9ng kho\u00e1n New York, lu\u00f4n c\u00f3 nh\u1eefng ng\u01b0\u1eddi m\u00f4i gi\u1edbi \/ \u0111\u1ea1i l\u00fd s\u1eb5n s\u00e0ng mua ho\u1eb7c b\u00e1n ti\u1ec1n t\u1ec7 trong th\u1ecb tr\u01b0\u1eddng FX. T\u00ednh thanh kho\u1ea3n c\u1ee7a th\u1ecb tr\u01b0\u1eddng n\u00e0y, \u0111\u1eb7c bi\u1ec7t l\u00e0 c\u00e1c lo\u1ea1i ti\u1ec1n t\u1ec7 ch\u00ednh, gi\u00fap \u0111\u1ea3m b\u1ea3o s\u1ef1 \u1ed5n \u0111\u1ecbnh v\u1ec1 gi\u00e1. C\u00e1c nh\u00e0 \u0111\u1ea7u t\u01b0 lu\u00f4n c\u00f3 th\u1ec3 m\u1edf ho\u1eb7c \u0111\u00f3ng m\u1ed9t v\u1ecb tr\u00ed, v\u00e0 quan tr\u1ecdng h\u01a1n, nh\u1eadn gi\u00e1 th\u1ecb tr\u01b0\u1eddng h\u1ee3p l\u00fd. Do kh\u1ed1i l\u01b0\u1ee3ng giao d\u1ecbch th\u1ea5p h\u01a1n, c\u00e1c nh\u00e0 \u0111\u1ea7u t\u01b0 trong th\u1ecb tr\u01b0\u1eddng ch\u1ee9ng kho\u00e1n v\u00e0 c\u00e1c th\u1ecb tr\u01b0\u1eddng giao d\u1ecbch trao \u0111\u1ed5i kh\u00e1c d\u1ec5 b\u1ecb t\u1ed5n th\u01b0\u01a1ng h\u01a1n \u0111\u1ed1i v\u1edbi r\u1ee7i ro thanh kho\u1ea3n, d\u1eabn \u0111\u1ebfn vi\u1ec7c x\u1eed l\u00fd r\u1ed9ng r\u00e3i r\u1ed9ng r\u00e3i ho\u1eb7c chuy\u1ec3n \u0111\u1ed9ng gi\u00e1 l\u1edbn h\u01a1n \u0111\u1ec3 \u0111\u00e1p \u1ee9ng v\u1edbi b\u1ea5t k\u1ef3 giao d\u1ecbch t\u01b0\u01a1ng \u0111\u1ed1i l\u1edbn n\u00e0o.<\/h3>","protected":false},"excerpt":{"rendered":"<p>BENEFITS OF ONLINE INVESTING Online trading has caused a major paradigm shift in investing. At the turn of the millennium, there are over 6 million online investment accounts, up from 1.5 million in 1997. As a result, start-up firms now compete directly with financial institutions to serve investors in the new Economy, and the clear [&hellip;]<\/p>","protected":false},"author":1,"featured_media":992,"parent":0,"menu_order":0,"comment_status":"closed","ping_status":"closed","template":"","meta":{"footnotes":""},"class_list":["post-68","page","type-page","status-publish","has-post-thumbnail","hentry"],"_links":{"self":[{"href":"https:\/\/1262.209.jaysoft.dev\/vi\/wp-json\/wp\/v2\/pages\/68"}],"collection":[{"href":"https:\/\/1262.209.jaysoft.dev\/vi\/wp-json\/wp\/v2\/pages"}],"about":[{"href":"https:\/\/1262.209.jaysoft.dev\/vi\/wp-json\/wp\/v2\/types\/page"}],"author":[{"embeddable":true,"href":"https:\/\/1262.209.jaysoft.dev\/vi\/wp-json\/wp\/v2\/users\/1"}],"replies":[{"embeddable":true,"href":"https:\/\/1262.209.jaysoft.dev\/vi\/wp-json\/wp\/v2\/comments?post=68"}],"version-history":[{"count":63,"href":"https:\/\/1262.209.jaysoft.dev\/vi\/wp-json\/wp\/v2\/pages\/68\/revisions"}],"predecessor-version":[{"id":1961,"href":"https:\/\/1262.209.jaysoft.dev\/vi\/wp-json\/wp\/v2\/pages\/68\/revisions\/1961"}],"wp:featuredmedia":[{"embeddable":true,"href":"https:\/\/1262.209.jaysoft.dev\/vi\/wp-json\/wp\/v2\/media\/992"}],"wp:attachment":[{"href":"https:\/\/1262.209.jaysoft.dev\/vi\/wp-json\/wp\/v2\/media?parent=68"}],"curies":[{"name":"wp","href":"https:\/\/api.w.org\/{rel}","templated":true}]}}