{"id":53,"date":"2022-03-28T11:11:23","date_gmt":"2022-03-28T11:11:23","guid":{"rendered":"https:\/\/princemarket.jaysoft.asia\/?page_id=53"},"modified":"2022-05-10T18:07:05","modified_gmt":"2022-05-10T10:07:05","slug":"forex-introduction","status":"publish","type":"page","link":"https:\/\/1262.209.jaysoft.dev\/vi\/forex-introduction\/","title":{"rendered":"Gi\u1edbi thi\u1ec7u v\u1ec1 <b>th\u1ecb tr\u01b0\u1eddng ti\u1ec1n t\u1ec7<\/b>"},"content":{"rendered":"<div class=\"__fb-dark-mode l9j0dhe7\" role=\"row\">\n<div class=\"\">\n<div class=\"j83agx80 cbu4d94t l9j0dhe7\" tabindex=\"0\" role=\"gridcell\" data-scope=\"messages_table\" data-release-focus-from=\"CLICK\">\n<div class=\"j83agx80\" role=\"none\">\n<div class=\"j83agx80 buofh1pr g5gj957u hpfvmrgz rl25f0pe\" role=\"none\" data-testid=\"message-container\">\n<div class=\"ns4p8fja j83agx80 cbu4d94t a6sixzi8 bkfpd7mw a1xu1aao\" role=\"none\">\n<div class=\"j83agx80 k4urcfbm\" role=\"none\">\n<div class=\"j83agx80 cbu4d94t d2edcug0 l9j0dhe7 aovydwv3\">\n<div class=\"j83agx80 k4urcfbm\" role=\"none\">\n<div class=\"cxgpxx05 d1544ag0 sj5x9vvc tw6a2znq l9j0dhe7 ni8dbmo4 stjgntxs e72ty7fz qlfml3jp inkptoze qmr60zad jm1wdb64 qv66sw1b ljqsnud1 odn2s2vf tkr6xdv7\" role=\"none\">\n<div class=\"rq0escxv l9j0dhe7 du4w35lb __fb-dark-mode\" role=\"none\">\n<h3 class=\"ii04i59q jq4qci2q g9io39s2 ljqsnud1\" dir=\"auto\" role=\"none\">Th\u1ecb tr\u01b0\u1eddng th\u1ecb tr\u01b0\u1eddng ti\u1ec1n t\u1ec7, \u0111\u01b0\u1ee3c th\u00e0nh l\u1eadp v\u00e0o n\u0103m 1971, \u0111\u01b0\u1ee3c t\u1ea1o ra khi t\u1ef7 gi\u00e1 h\u1ed1i \u0111o\u00e1i n\u1ed5i b\u1eaft \u0111\u1ea7u th\u00e0nh hi\u1ec7n th\u1ef1c. Th\u1ecb tr\u01b0\u1eddng th\u1ecb tr\u01b0\u1eddng ti\u1ec1n t\u1ec7 kh\u00f4ng t\u1eadp trung, nh\u01b0 trong t\u01b0\u01a1ng lai ti\u1ec1n t\u1ec7 ho\u1eb7c th\u1ecb tr\u01b0\u1eddng ch\u1ee9ng kho\u00e1n. Giao d\u1ecbch x\u1ea3y ra qua m\u00e1y t\u00ednh v\u00e0 \u0111i\u1ec7n tho\u1ea1i t\u1ea1i h\u00e0ng ng\u00e0n \u0111\u1ecba \u0111i\u1ec3m tr\u00ean to\u00e0n th\u1ebf gi\u1edbi.<br \/>\nTh\u1ecb tr\u01b0\u1eddng th\u1ecb tr\u01b0\u1eddng ti\u1ec1n t\u1ec7, th\u01b0\u1eddng \u0111\u01b0\u1ee3c g\u1ecdi l\u00e0 th\u1ecb tr\u01b0\u1eddng ti\u1ec1n t\u1ec7, l\u00e0 n\u01a1i c\u00e1c ng\u00e2n h\u00e0ng, nh\u00e0 \u0111\u1ea7u t\u01b0 v\u00e0 nh\u00e0 \u0111\u1ea7u c\u01a1 trao \u0111\u1ed5i m\u1ed9t lo\u1ea1i ti\u1ec1n t\u1ec7 kh\u00e1c. Ho\u1ea1t \u0111\u1ed9ng th\u1ecb tr\u01b0\u1eddng ti\u1ec1n t\u1ec7 l\u1edbn nh\u1ea5t v\u1eabn gi\u1eef \u0111\u01b0\u1ee3c trao \u0111\u1ed5i giao ngay (t\u1ee9c l\u00e0 .., ngay l\u1eadp t\u1ee9c) gi\u1eefa n\u0103m lo\u1ea1i ti\u1ec1n t\u1ec7 ch\u00ednh: \u0110\u00f4 la M\u1ef9, B\u1ea3ng Anh, Y\u00ean Nh\u1eadt, Eurodollar v\u00e0 Franc Th\u1ee5y S\u0129. \u0110\u00e2y c\u0169ng l\u00e0 th\u1ecb tr\u01b0\u1eddng t\u00e0i ch\u00ednh l\u1edbn nh\u1ea5t tr\u00ean th\u1ebf gi\u1edbi. So s\u00e1nh, th\u1ecb tr\u01b0\u1eddng ch\u1ee9ng kho\u00e1n M\u1ef9 c\u00f3 th\u1ec3 giao d\u1ecbch 10 t\u1ef7 \u0111\u00f4 la trong m\u1ed9t ng\u00e0y, trong khi th\u1ecb tr\u01b0\u1eddng th\u1ecb tr\u01b0\u1eddng ti\u1ec1n t\u1ec7 s\u1ebd giao d\u1ecbch l\u00ean t\u1edbi 2 ngh\u00ecn t\u1ef7 \u0111\u00f4 la trong m\u1ed9t ng\u00e0y. Th\u1ecb tr\u01b0\u1eddng th\u1ecb tr\u01b0\u1eddng ti\u1ec1n t\u1ec7 l\u00e0 m\u1ed9t th\u1ecb tr\u01b0\u1eddng 24 gi\u1edd m\u1edf c\u1eeda m\u1ed9t ng\u00e0y m\u00e0 th\u1ecb tr\u01b0\u1eddng ti\u1ec1n t\u1ec7 ch\u00ednh l\u00e0 th\u1ecb tr\u01b0\u1eddng li\u00ean ng\u00e2n h\u00e0ng 24 gi\u1edd. Th\u1ecb tr\u01b0\u1eddng n\u00e0y theo sau m\u1eb7t tr\u1eddi tr\u00ean kh\u1eafp th\u1ebf gi\u1edbi, chuy\u1ec3n t\u1eeb c\u00e1c trung t\u00e2m ng\u00e2n h\u00e0ng l\u1edbn c\u1ee7a Hoa K\u1ef3 sang \u00dac v\u00e0 New Zealand \u0111\u1ebfn Vi\u1ec5n \u0110\u00f4ng, \u0111\u1ebfn Ch\u00e2u \u00c2u v\u00e0 cu\u1ed1i c\u00f9ng tr\u1edf l\u1ea1i c\u00e1c qu\u1ed1c gia h\u1ee3p nh\u1ea5t.<br \/>\nCho \u0111\u1ebfn nay, c\u00e1c th\u01b0\u01a1ng nh\u00e2n chuy\u00ean nghi\u1ec7p t\u1eeb c\u00e1c ng\u00e2n h\u00e0ng th\u01b0\u01a1ng m\u1ea1i v\u00e0 \u0111\u1ea7u t\u01b0 qu\u1ed1c t\u1ebf l\u1edbn \u0111\u00e3 th\u1ed1ng tr\u1ecb th\u1ecb tr\u01b0\u1eddng FX. Nh\u1eefng ng\u01b0\u1eddi tham gia th\u1ecb tr\u01b0\u1eddng kh\u00e1c bao g\u1ed3m t\u1eeb c\u00e1c t\u1eadp \u0111o\u00e0n \u0111a qu\u1ed1c gia l\u1edbn, ng\u01b0\u1eddi qu\u1ea3n l\u00fd ti\u1ec1n to\u00e0n c\u1ea7u, \u0111\u1ea1i l\u00fd \u0111\u00e3 \u0111\u0103ng k\u00fd, m\u00f4i gi\u1edbi ti\u1ec1n qu\u1ed1c t\u1ebf v\u00e0 c\u00e1c nh\u00e0 giao d\u1ecbch t\u01b0\u01a1ng lai v\u00e0 t\u00f9y ch\u1ecdn, cho c\u00e1c nh\u00e0 \u0111\u1ea7u c\u01a1 ri\u00eang t\u01b0.<br \/>\nC\u00f3 ba l\u00fd do ch\u00ednh \u0111\u1ec3 tham gia v\u00e0o th\u1ecb tr\u01b0\u1eddng FX. M\u1ed9t l\u00e0 \u0111\u1ec3 t\u1ea1o \u0111i\u1ec1u ki\u1ec7n cho m\u1ed9t giao d\u1ecbch th\u1ef1c t\u1ebf, theo \u0111\u00f3 c\u00e1c t\u1eadp \u0111o\u00e0n qu\u1ed1c t\u1ebf chuy\u1ec3n \u0111\u1ed5i l\u1ee3i nhu\u1eadn \u0111\u01b0\u1ee3c th\u1ef1c hi\u1ec7n b\u1eb1ng ngo\u1ea1i t\u1ec7 v\u00e0o \u0111\u1ed3ng n\u1ed9i t\u1ec7 c\u1ee7a h\u1ecd. C\u00e1c th\u1ee7 qu\u1ef9 v\u00e0 qu\u1ea3n l\u00fd ti\u1ec1n c\u1ee7a c\u00f4ng ty c\u0169ng tham gia v\u00e0o th\u1ecb tr\u01b0\u1eddng FX \u0111\u1ec3 ph\u00f2ng th\u1ee7 ch\u1ed1ng l\u1ea1i s\u1ef1 ti\u1ebfp x\u00fac kh\u00f4ng mong mu\u1ed1n v\u1edbi c\u00e1c chuy\u1ec3n \u0111\u1ed9ng gi\u00e1 trong t\u01b0\u01a1ng lai tr\u00ean th\u1ecb tr\u01b0\u1eddng ti\u1ec1n t\u1ec7. L\u00fd do th\u1ee9 ba v\u00e0 ph\u1ed5 bi\u1ebfn h\u01a1n l\u00e0 \u0111\u1ea7u c\u01a1 v\u00ec l\u1ee3i nhu\u1eadn. Tr\u00ean th\u1ef1c t\u1ebf, ng\u00e0y nay \u01b0\u1edbc t\u00ednh, \u00edt h\u01a1n 5% trong t\u1ea5t c\u1ea3 c\u00e1c giao d\u1ecbch tr\u00ean th\u1ecb tr\u01b0\u1eddng FX th\u1ef1c s\u1ef1 t\u1ea1o \u0111i\u1ec1u ki\u1ec7n cho m\u1ed9t giao d\u1ecbch th\u01b0\u01a1ng m\u1ea1i th\u1ef1c s\u1ef1.<br \/>\nTh\u1ecb tr\u01b0\u1eddng FX \u0111\u01b0\u1ee3c coi l\u00e0 tr\u00ean th\u1ecb tr\u01b0\u1eddng truy c\u1eadp (OTC) ho\u1eb7c 'Interbank', do th\u1ef1c t\u1ebf l\u00e0 c\u00e1c giao d\u1ecbch \u0111\u01b0\u1ee3c th\u1ef1c hi\u1ec7n gi\u1eefa hai \u0111\u1ed1i t\u00e1c qua \u0111i\u1ec7n tho\u1ea1i ho\u1eb7c qua m\u1ea1ng \u0111i\u1ec7n t\u1eed. Giao d\u1ecbch kh\u00f4ng t\u1eadp trung v\u00e0o m\u1ed9t cu\u1ed9c trao \u0111\u1ed5i, nh\u01b0 v\u1edbi th\u1ecb tr\u01b0\u1eddng ch\u1ee9ng kho\u00e1n v\u00e0 t\u01b0\u01a1ng lai. M\u1ed9t th\u1ecb tr\u01b0\u1eddng 24 gi\u1edd th\u1ef1c s\u1ef1, giao d\u1ecbch th\u1ecb tr\u01b0\u1eddng ti\u1ec1n t\u1ec7 b\u1eaft \u0111\u1ea7u m\u1ed7i ng\u00e0y \u1edf Sydney, v\u00e0 di chuy\u1ec3n tr\u00ean to\u00e0n c\u1ea7u khi ng\u00e0y l\u00e0m vi\u1ec7c b\u1eaft \u0111\u1ea7u trong m\u1ed7i trung t\u00e2m t\u00e0i ch\u00ednh, \u0111\u1ea7u ti\u00ean \u0111\u1ebfn Tokyo, London v\u00e0 New York. Kh\u00f4ng gi\u1ed1ng nh\u01b0 b\u1ea5t k\u1ef3 th\u1ecb tr\u01b0\u1eddng t\u00e0i ch\u00ednh n\u00e0o kh\u00e1c, c\u00e1c nh\u00e0 \u0111\u1ea7u t\u01b0 c\u00f3 th\u1ec3 \u0111\u00e1p \u1ee9ng v\u1edbi bi\u1ebfn \u0111\u1ed9ng ti\u1ec1n t\u1ec7 g\u00e2y ra b\u1edfi c\u00e1c s\u1ef1 ki\u1ec7n kinh t\u1ebf, x\u00e3 h\u1ed9i v\u00e0 ch\u00ednh tr\u1ecb v\u00e0o th\u1eddi \u0111i\u1ec3m h\u1ecd x\u1ea3y ra - ng\u00e0y ho\u1eb7c \u0111\u00eam.<\/h3>\n<p>&nbsp;<\/p>\n<\/div>\n<\/div>\n<\/div>\n<\/div>\n<\/div>\n<h2 class=\"ns4p8fja j83agx80 cbu4d94t a6sixzi8 bkfpd7mw d2edcug0 kb5gq1qc nred35xi\" style=\"text-align: center;\" role=\"none\">L\u1ecbch s\u1eed c\u1ee7a th\u1ecb tr\u01b0\u1eddng ti\u1ec1n t\u1ec7<\/h2>\n<p>&nbsp;<\/p>\n<\/div>\n<\/div>\n<\/div>\n<\/div>\n<\/div>\n<\/div>\n<div class=\"__fb-dark-mode l9j0dhe7\" role=\"row\">\n<div class=\"\">\n<div class=\"j83agx80 cbu4d94t l9j0dhe7\" tabindex=\"0\" role=\"gridcell\" data-scope=\"messages_table\" data-release-focus-from=\"CLICK\">\n<div class=\"j83agx80\" role=\"none\">\n<div class=\"j83agx80 buofh1pr g5gj957u hpfvmrgz rl25f0pe\" role=\"none\" data-testid=\"message-container\">\n<div class=\"ns4p8fja j83agx80 cbu4d94t a6sixzi8 bkfpd7mw a1xu1aao\" role=\"none\">\n<div class=\"j83agx80 k4urcfbm\" role=\"none\">\n<div class=\"j83agx80 cbu4d94t d2edcug0 l9j0dhe7 aovydwv3\">\n<div class=\"j83agx80 k4urcfbm\" role=\"none\">\n<div class=\"cxgpxx05 d1544ag0 sj5x9vvc tw6a2znq l9j0dhe7 ni8dbmo4 stjgntxs e72ty7fz qlfml3jp inkptoze qmr60zad jm1wdb64 qv66sw1b ljqsnud1 odn2s2vf tkr6xdv7\" role=\"none\">\n<div class=\"rq0escxv l9j0dhe7 du4w35lb __fb-dark-mode\" role=\"none\">\n<h3 class=\"ii04i59q jq4qci2q g9io39s2 ljqsnud1\" dir=\"auto\" role=\"none\">Ti\u1ec1n, \u1edf d\u1ea1ng n\u00e0y hay h\u00ecnh th\u1ee9c kh\u00e1c, \u0111\u00e3 \u0111\u01b0\u1ee3c ng\u01b0\u1eddi \u0111\u00e0n \u00f4ng s\u1eed d\u1ee5ng trong nhi\u1ec1u th\u1ebf k\u1ef7. T\u1ea1i \u0111\u1ea7u ti\u00ean, n\u00f3 ch\u1ee7 y\u1ebfu l\u00e0 ti\u1ec1n v\u00e0ng ho\u1eb7c b\u1ea1c. H\u00e0ng h\u00f3a \u0111\u00e3 \u0111\u01b0\u1ee3c giao d\u1ecbch ch\u1ed1ng l\u1ea1i h\u00e0ng h\u00f3a kh\u00e1c ho\u1eb7c ch\u1ed1ng l\u1ea1i v\u00e0ng. V\u00ec v\u1eady, gi\u00e1 v\u00e0ng \u0111\u00e3 tr\u1edf th\u00e0nh m\u1ed9t \u0111i\u1ec3m tham chi\u1ebfu. Nh\u01b0ng khi giao d\u1ecbch h\u00e0ng h\u00f3a t\u0103ng tr\u01b0\u1edfng gi\u1eefa c\u00e1c qu\u1ed1c gia, s\u1ed1 l\u01b0\u1ee3ng v\u00e0ng di chuy\u1ec3n xung quanh nh\u1eefng n\u01a1i \u0111\u1ec3 gi\u1ea3i quy\u1ebft c\u00e1c kho\u1ea3n thanh to\u00e1n th\u01b0\u01a1ng m\u1ea1i tr\u1edf n\u00ean c\u1ed3ng k\u1ec1nh, r\u1ee7i ro v\u00e0 t\u1ed1n th\u1eddi gian. Do \u0111\u00f3, m\u1ed9t h\u1ec7 th\u1ed1ng \u0111\u00e3 \u0111\u01b0\u1ee3c t\u00ecm ki\u1ebfm b\u1eb1ng c\u00e1ch thanh to\u00e1n c\u00e1c giao d\u1ecbch c\u00f3 th\u1ec3 \u0111\u01b0\u1ee3c gi\u1ea3i quy\u1ebft trong n\u1ed9i t\u1ec7 c\u1ee7a ng\u01b0\u1eddi b\u00e1n. Nh\u01b0ng bao nhi\u00eau ti\u1ec1n \u0111\u1ecba ph\u01b0\u01a1ng c\u1ee7a ng\u01b0\u1eddi mua ph\u1ea3i b\u1eb1ng \u0111\u1ed3ng n\u1ed9i t\u1ec7 c\u1ee7a ng\u01b0\u1eddi b\u00e1n?<\/h3>\n<h3 class=\"ii04i59q jq4qci2q g9io39s2 ljqsnud1\" dir=\"auto\" role=\"none\">C\u00e2u tr\u1ea3 l\u1eddi r\u1ea5t \u0111\u01a1n gi\u1ea3n. S\u1ee9c m\u1ea1nh c\u1ee7a ti\u1ec1n t\u1ec7 c\u1ee7a m\u1ed9t qu\u1ed1c gia ph\u1ee5 thu\u1ed9c v\u00e0o l\u01b0\u1ee3ng v\u00e0ng b\u1ea3o t\u1ed3n \u0111\u1ea5t n\u01b0\u1edbc duy tr\u00ec. V\u00ec v\u1eady, n\u1ebfu tr\u1eef l\u01b0\u1ee3ng v\u00e0ng c\u1ee7a qu\u1ed1c gia A g\u1ea5p \u0111\u00f4i tr\u1eef l\u01b0\u1ee3ng v\u00e0ng c\u1ee7a qu\u1ed1c gia B, ti\u1ec1n t\u1ec7 c\u1ee7a qu\u1ed1c gia A s\u1ebd g\u1ea5p \u0111\u00f4i v\u1ec1 gi\u00e1 tr\u1ecb khi \u0111\u01b0\u1ee3c trao \u0111\u1ed5i v\u1edbi ti\u1ec1n t\u1ec7 c\u1ee7a qu\u1ed1c gia B. \u0110i\u1ec1u n\u00e0y \u0111\u00e3 \u0111\u01b0\u1ee3c g\u1ecdi l\u00e0 ti\u00eau chu\u1ea9n v\u00e0ng. Kho\u1ea3ng n\u0103m 1880, ti\u00eau chu\u1ea9n v\u00e0ng \u0111\u00e3 \u0111\u01b0\u1ee3c ch\u1ea5p nh\u1eadn v\u00e0 s\u1eed d\u1ee5ng tr\u00ean to\u00e0n th\u1ebf gi\u1edbi.<\/h3>\n<h3 class=\"ii04i59q jq4qci2q g9io39s2 ljqsnud1\" dir=\"auto\" role=\"none\">Trong Th\u1ebf chi\u1ebfn th\u1ee9 nh\u1ea5t, \u0111\u1ec3 \u0111\u00e1p \u1ee9ng nhu c\u1ea7u t\u00e0i ch\u00ednh kh\u1ed5ng l\u1ed3, ti\u1ec1n gi\u1ea5y \u0111\u01b0\u1ee3c t\u1ea1o ra v\u1edbi s\u1ed1 l\u01b0\u1ee3ng v\u01b0\u1ee3t xa d\u1ef1 tr\u1eef v\u00e0ng. C\u00e1c lo\u1ea1i ti\u1ec1n t\u1ec7 m\u1ea5t c\u00e1c y\u1ebfu t\u1ed1 ti\u00eau chu\u1ea9n c\u1ee7a h\u1ecd v\u00e0 g\u00e2y ra m\u1ed9t s\u1ef1 bi\u1ebfn d\u1ea1ng th\u00f4 trong vi\u1ec7c \u0111\u1ee9ng v\u1ec1 m\u1eb7t n\u1ee3 v\u00e0 t\u00e0i s\u1ea3n n\u01b0\u1edbc ngo\u00e0i c\u1ee7a n\u00f3.<\/h3>\n<h3 class=\"ii04i59q jq4qci2q g9io39s2 ljqsnud1\" dir=\"auto\" role=\"none\">Sau khi k\u1ebft th\u00fac Th\u1ebf chi\u1ebfn th\u1ee9 hai, c\u00e1c c\u01b0\u1eddng qu\u1ed1c \u0111\u1ed3ng minh ph\u01b0\u01a1ng T\u00e2y \u0111\u00e3 c\u1ed1 g\u1eafng gi\u1ea3i quy\u1ebft v\u1ea5n \u0111\u1ec1 t\u1ea1i H\u1ed9i ngh\u1ecb Bretton Woods \u1edf New Hampshire v\u00e0o n\u0103m 1944. Trong ba tu\u1ea7n \u0111\u1ea7u ti\u00ean c\u1ee7a th\u00e1ng 7 n\u0103m 1944, c\u00e1c \u0111\u1ea1i bi\u1ec3u t\u1eeb 45 qu\u1ed1c gia t\u1eadp trung t\u1ea1i H\u1ed9i ngh\u1ecb t\u00e0i ch\u00ednh v\u00e0 ti\u1ec1n t\u1ec7 c\u1ee7a Li\u00ean H\u1ee3p Qu\u1ed1c Trong r\u1eebng Bretton, New Hampshire. C\u00e1c \u0111\u1ea1i bi\u1ec3u \u0111\u00e3 g\u1eb7p nhau \u0111\u1ec3 th\u1ea3o lu\u1eadn v\u1ec1 s\u1ef1 ph\u1ee5c h\u1ed3i sau chi\u1ebfn tranh c\u1ee7a ch\u00e2u \u00c2u c\u0169ng nh\u01b0 m\u1ed9t s\u1ed1 v\u1ea5n \u0111\u1ec1 ti\u1ec1n t\u1ec7, ch\u1eb3ng h\u1ea1n nh\u01b0 t\u1ef7 gi\u00e1 h\u1ed1i \u0111o\u00e1i kh\u00f4ng \u1ed5n \u0111\u1ecbnh v\u00e0 ch\u00ednh s\u00e1ch th\u01b0\u01a1ng m\u1ea1i b\u1ea3o h\u1ed9.<\/h3>\n<h3 class=\"ii04i59q jq4qci2q g9io39s2 ljqsnud1\" dir=\"auto\" role=\"none\">Trong nh\u1eefng n\u0103m 1930, nhi\u1ec1u n\u1ec1n kinh t\u1ebf l\u1edbn c\u1ee7a th\u1ebf gi\u1edbi c\u00f3 t\u1ef7 gi\u00e1 h\u1ed1i \u0111o\u00e1i kh\u00f4ng \u1ed5n \u0111\u1ecbnh. \u0110\u1ed3ng th\u1eddi, nhi\u1ec1u qu\u1ed1c gia \u0111\u00e3 s\u1eed d\u1ee5ng c\u00e1c ch\u00ednh s\u00e1ch th\u01b0\u01a1ng m\u1ea1i h\u1ea1n ch\u1ebf. \u0110\u1ea7u nh\u1eefng n\u0103m 1940, Hoa K\u1ef3 v\u00e0 V\u01b0\u01a1ng qu\u1ed1c Anh \u0111\u00e3 ph\u00e1t tri\u1ec3n c\u00e1c \u0111\u1ec1 xu\u1ea5t \u0111\u1ec3 t\u1ea1o ra c\u00e1c t\u1ed5 ch\u1ee9c th\u1ecb tr\u01b0\u1eddng ti\u1ec1n t\u1ec7 m\u1edbi s\u1ebd \u1ed5n \u0111\u1ecbnh t\u1ef7 gi\u00e1 h\u1ed1i \u0111o\u00e1i v\u00e0 th\u00fac \u0111\u1ea9y th\u01b0\u01a1ng m\u1ea1i qu\u1ed1c t\u1ebf. C\u0169ng c\u00f3 m\u1ed9t nhu c\u1ea7u \u0111\u01b0\u1ee3c c\u00f4ng nh\u1eadn \u0111\u1ec3 t\u1ed5 ch\u1ee9c ph\u1ee5c h\u1ed3i ch\u00e2u \u00c2u v\u1edbi hy v\u1ecdng tr\u00e1nh nh\u1eefng v\u1ea5n \u0111\u1ec1 n\u1ea3y sinh sau chi\u1ebfn tranh th\u1ebf gi\u1edbi \u0111\u1ea7u ti\u00ean.<\/h3>\n<h3 class=\"ii04i59q jq4qci2q g9io39s2 ljqsnud1\" dir=\"auto\" role=\"none\">C\u00e1c \u0111\u1ea1i bi\u1ec3u t\u1ea1i Bretton Woods \u0111\u00e3 \u0111\u1ea1t \u0111\u01b0\u1ee3c m\u1ed9t th\u1ecfa thu\u1eadn \u0111\u01b0\u1ee3c g\u1ecdi l\u00e0 Hi\u1ec7p \u0111\u1ecbnh Woods Bretton \u0111\u1ec3 thi\u1ebft l\u1eadp m\u1ed9t h\u1ec7 th\u1ed1ng ti\u1ec1n t\u1ec7 qu\u1ed1c t\u1ebf h\u1eadu k\u1ef3 c\u1ee7a c\u00e1c lo\u1ea1i ti\u1ec1n t\u1ec7 chuy\u1ec3n \u0111\u1ed5i, t\u1ef7 gi\u00e1 h\u1ed1i \u0111o\u00e1i c\u1ed1 \u0111\u1ecbnh v\u00e0 giao d\u1ecbch t\u1ef1 do. \u0110\u1ec3 t\u1ea1o \u0111i\u1ec1u ki\u1ec7n cho c\u00e1c m\u1ee5c ti\u00eau n\u00e0y, Th\u1ecfa thu\u1eadn \u0111\u00e3 t\u1ea1o ra hai t\u1ed5 ch\u1ee9c qu\u1ed1c t\u1ebf: Qu\u1ef9 ti\u1ec1n t\u1ec7 qu\u1ed1c t\u1ebf (IMF) v\u00e0 Ng\u00e2n h\u00e0ng T\u00e1i thi\u1ebft qu\u1ed1c t\u1ebf (Ng\u00e2n h\u00e0ng Th\u1ebf gi\u1edbi). M\u1ee5c \u0111\u00edch l\u00e0 cung c\u1ea5p vi\u1ec7n tr\u1ee3 kinh t\u1ebf \u0111\u1ec3 t\u00e1i thi\u1ebft ch\u00e2u \u00c2u sau sinh. Kho\u1ea3n vay ban \u0111\u1ea7u l\u00e0 250 tri\u1ec7u \u0111\u00f4 la cho Ph\u00e1p v\u00e0o n\u0103m 1947 l\u00e0 \u0110\u1ea1o lu\u1eadt \u0111\u1ea7u ti\u00ean c\u1ee7a Ng\u00e2n h\u00e0ng Th\u1ebf gi\u1edbi.<\/h3>\n<h3 class=\"ii04i59q jq4qci2q g9io39s2 ljqsnud1\" dir=\"auto\" role=\"none\">Theo h\u1ec7 th\u1ed1ng trao \u0111\u1ed5i c\u1ee7a Bretton Woods, c\u00e1c lo\u1ea1i ti\u1ec1n c\u1ee7a c\u00e1c qu\u1ed1c gia tham gia c\u00f3 th\u1ec3 \u0111\u01b0\u1ee3c chuy\u1ec3n \u0111\u1ed5i th\u00e0nh \u0111\u00f4 la M\u1ef9 v\u1edbi t\u1ed1c \u0111\u1ed9 c\u1ed1 \u0111\u1ecbnh v\u00e0 c\u00e1c ng\u00e2n h\u00e0ng trung \u01b0\u01a1ng n\u01b0\u1edbc ngo\u00e0i c\u00f3 th\u1ec3 chuy\u1ec3n \u0111\u1ed5i \u0111\u1ed3ng \u0111\u00f4 la M\u1ef9 th\u00e0nh v\u00e0ng \u1edf m\u1ee9c c\u1ed1 \u0111\u1ecbnh. N\u00f3i c\u00e1ch kh\u00e1c, \u0111\u1ed3ng \u0111\u00f4 la M\u1ef9 \u0111\u00e3 thay th\u1ebf \u0111\u1ed3ng b\u1ea3ng Anh chi\u1ebfm \u01b0u th\u1ebf v\u00e0 c\u00e1c lo\u1ea1i ti\u1ec1n t\u1ec7 c\u1ee7a c\u00e1c lo\u1ea1i ti\u1ec1n t\u1ec7 h\u00e0ng \u0111\u1ea7u th\u1ebf gi\u1edbi \u0111\u00e3 \u0111\u01b0\u1ee3c ch\u1ed1t v\u00e0o \u0111\u1ed3ng \u0111\u00f4 la M\u1ef9. Hi\u1ec7p \u0111\u1ecbnh Bretton Woods c\u0169ng nh\u1eb1m ng\u0103n ch\u1eb7n s\u1ef1 c\u1ea1nh tranh c\u1ee7a ti\u1ec1n t\u1ec7 v\u00e0 th\u00fac \u0111\u1ea9y s\u1ef1 h\u1ee3p t\u00e1c ti\u1ec1n t\u1ec7 gi\u1eefa c\u00e1c qu\u1ed1c gia. Theo h\u1ec7 th\u1ed1ng c\u1ee7a Bretton Woods, c\u00e1c qu\u1ed1c gia th\u00e0nh vi\u00ean IMF \u0111\u00e3 \u0111\u1ed3ng \u00fd v\u1edbi m\u1ed9t h\u1ec7 th\u1ed1ng t\u1ef7 gi\u00e1 h\u1ed1i \u0111o\u00e1i c\u00f3 th\u1ec3 \u0111\u01b0\u1ee3c \u0111i\u1ec1u ch\u1ec9nh trong c\u00e1c sinh con \u0111\u01b0\u1ee3c x\u00e1c \u0111\u1ecbnh v\u1edbi \u0110\u00f4 la M\u1ef9 ho\u1eb7c, v\u1edbi th\u1ecfa thu\u1eadn c\u1ee7a IMF, \u0111\u00e3 thay \u0111\u1ed5i \u0111\u1ec3 s\u1eeda m\u1ed9t s\u1ef1 m\u1ea5t c\u00e2n b\u1eb1ng c\u01a1 b\u1ea3n trong c\u00e1n c\u00e2n thanh to\u00e1n. H\u1ec7 th\u1ed1ng tr\u00ean m\u1ed7i gi\u00e1 tr\u1ecb v\u1eabn \u0111\u01b0\u1ee3c s\u1eed d\u1ee5ng t\u1eeb n\u0103m 1946 cho \u0111\u1ebfn \u0111\u1ea7u nh\u1eefng n\u0103m 1970.<\/h3>\n<\/div>\n<\/div>\n<\/div>\n<\/div>\n<\/div>\n<\/div>\n<\/div>\n<\/div>\n<\/div>\n<\/div>\n<\/div>","protected":false},"excerpt":{"rendered":"<p>The Forex market, established in 1971, was created when floating exchange rates began to materialize. The Forex market is not centralized, like in currency futures or stock markets. Trading occurs over computers and telephones at thousands of locations worldwide. The Foreign Exchange market, commonly referred as FOREX, is where banks, investors and speculators exchange one [&hellip;]<\/p>","protected":false},"author":1,"featured_media":990,"parent":0,"menu_order":0,"comment_status":"closed","ping_status":"closed","template":"","meta":{"footnotes":""},"class_list":["post-53","page","type-page","status-publish","has-post-thumbnail","hentry"],"_links":{"self":[{"href":"https:\/\/1262.209.jaysoft.dev\/vi\/wp-json\/wp\/v2\/pages\/53"}],"collection":[{"href":"https:\/\/1262.209.jaysoft.dev\/vi\/wp-json\/wp\/v2\/pages"}],"about":[{"href":"https:\/\/1262.209.jaysoft.dev\/vi\/wp-json\/wp\/v2\/types\/page"}],"author":[{"embeddable":true,"href":"https:\/\/1262.209.jaysoft.dev\/vi\/wp-json\/wp\/v2\/users\/1"}],"replies":[{"embeddable":true,"href":"https:\/\/1262.209.jaysoft.dev\/vi\/wp-json\/wp\/v2\/comments?post=53"}],"version-history":[{"count":5,"href":"https:\/\/1262.209.jaysoft.dev\/vi\/wp-json\/wp\/v2\/pages\/53\/revisions"}],"predecessor-version":[{"id":1050,"href":"https:\/\/1262.209.jaysoft.dev\/vi\/wp-json\/wp\/v2\/pages\/53\/revisions\/1050"}],"wp:featuredmedia":[{"embeddable":true,"href":"https:\/\/1262.209.jaysoft.dev\/vi\/wp-json\/wp\/v2\/media\/990"}],"wp:attachment":[{"href":"https:\/\/1262.209.jaysoft.dev\/vi\/wp-json\/wp\/v2\/media?parent=53"}],"curies":[{"name":"wp","href":"https:\/\/api.w.org\/{rel}","templated":true}]}}